{"id":983,"date":"2025-05-19T15:18:00","date_gmt":"2025-05-19T20:18:00","guid":{"rendered":"https:\/\/chebspanama.org\/inicio\/?page_id=983"},"modified":"2025-05-19T15:29:55","modified_gmt":"2025-05-19T20:29:55","slug":"objetivos","status":"publish","type":"page","link":"https:\/\/chebspanama.org\/inicio\/objetivos\/","title":{"rendered":"Objetivos"},"content":{"rendered":"\t\t<div data-elementor-type=\"wp-page\" data-elementor-id=\"983\" class=\"elementor elementor-983\" data-elementor-post-type=\"page\">\n\t\t\t\t<div class=\"elementor-element elementor-element-8b280ce e-flex e-con-boxed e-con e-parent\" data-id=\"8b280ce\" data-element_type=\"container\" data-e-type=\"container\">\n\t\t\t\t\t<div class=\"e-con-inner\">\n\t\t<div class=\"elementor-element elementor-element-7576e58 e-con-full e-flex e-con e-child\" data-id=\"7576e58\" data-element_type=\"container\" data-e-type=\"container\" data-settings=\"{&quot;background_background&quot;:&quot;classic&quot;}\">\n\t\t\t\t<div class=\"elementor-element elementor-element-0c8d5dd elementor-invisible elementor-widget elementor-widget-heading\" data-id=\"0c8d5dd\" data-element_type=\"widget\" data-e-type=\"widget\" data-settings=\"{&quot;_animation&quot;:&quot;fadeIn&quot;}\" data-widget_type=\"heading.default\">\n\t\t\t\t<div class=\"elementor-widget-container\">\n\t\t\t\t\t<h2 class=\"elementor-heading-title elementor-size-default\">Objetivos<\/h2>\t\t\t\t<\/div>\n\t\t\t\t<\/div>\n\t\t\t\t<\/div>\n\t\t\t\t\t<\/div>\n\t\t\t\t<\/div>\n\t\t<div class=\"elementor-element elementor-element-114a70f e-flex e-con-boxed e-con e-parent\" data-id=\"114a70f\" data-element_type=\"container\" data-e-type=\"container\">\n\t\t\t\t\t<div class=\"e-con-inner\">\n\t\t<div class=\"elementor-element elementor-element-b66f372 e-con-full e-flex e-con e-child\" data-id=\"b66f372\" data-element_type=\"container\" data-e-type=\"container\" data-settings=\"{&quot;background_background&quot;:&quot;classic&quot;}\">\n\t\t\t\t<div class=\"elementor-element elementor-element-27ab144 elementor-invisible elementor-widget elementor-widget-text-editor\" data-id=\"27ab144\" data-element_type=\"widget\" data-e-type=\"widget\" data-settings=\"{&quot;_animation&quot;:&quot;fadeIn&quot;}\" data-widget_type=\"text-editor.default\">\n\t\t\t\t<div class=\"elementor-widget-container\">\n\t\t\t\t\t\t\t\t\t<ul><li>Proporcionar una Casa Hogar digna y solidaria, donde se ofrezca atencio\u0301n integral para su recuperacio\u0301n y construccio\u0301n de alternativas que permitan su reincorporacio\u0301n a la sociedad.<\/li><\/ul><p>\u00a0<\/p><ul><li>Facilitar un ambiente armo\u0301nico para que las personas que llegan a la Casa Hogar se sientan motivadas y acompan\u0303adas por todas las personas que ofrecen servicios.<\/li><\/ul><p>\u00a0<\/p><ul><li>Involucrar a los familiares en los procesos de recuperacio\u0301n, para que las personas cuenten con apoyo afectivo que los motiven a creer en la vida y la solidaridad.<\/li><\/ul><p>\u00a0<\/p><ul><li>Crear una cultura solidaria basada en el amor al pro\u0301jimo y los derechos humanos de las personas que viven con VIH\/SIDA, con el fin de incrementar las medidas de prevencio\u0301n y reducir el estigma y discriminacio\u0301n.<\/li><\/ul><p>\u00a0<\/p><ul><li>Participar en alianzas con las organizaciones nacionales, internacionales, pastorales e iglesias con el fin de compartir y realizar un trabajo conjunto en la lucha contra el VIH\/SIDA.<\/li><\/ul><p>\u00a0<\/p><ul><li>Establecer coordinaciones con diferentes entidades que apoyen la ejecucio\u0301n de los programas y permitan un proceso de auto sostenibilidad de Casa Hogar.<\/li><\/ul>\t\t\t\t\t\t\t\t<\/div>\n\t\t\t\t<\/div>\n\t\t\t\t<\/div>\n\t\t<div class=\"elementor-element elementor-element-fa9f86b e-con-full e-flex e-con e-child\" data-id=\"fa9f86b\" data-element_type=\"container\" data-e-type=\"container\" data-settings=\"{&quot;background_background&quot;:&quot;classic&quot;}\">\n\t\t\t\t<div class=\"elementor-element elementor-element-bb9ce18 elementor-invisible elementor-widget elementor-widget-image\" data-id=\"bb9ce18\" data-element_type=\"widget\" data-e-type=\"widget\" data-settings=\"{&quot;_animation&quot;:&quot;fadeInLeft&quot;}\" data-widget_type=\"image.default\">\n\t\t\t\t<div class=\"elementor-widget-container\">\n\t\t\t\t\t\t\t\t\t\t\t\t\t\t\t<img fetchpriority=\"high\" decoding=\"async\" width=\"650\" height=\"650\" src=\"https:\/\/chebspanama.org\/inicio\/wp-content\/uploads\/2025\/05\/cropped-cropped-chebs-panama-1.jpg\" class=\"attachment-large size-large wp-image-995\" alt=\"\" srcset=\"https:\/\/chebspanama.org\/inicio\/wp-content\/uploads\/2025\/05\/cropped-cropped-chebs-panama-1.jpg 650w, https:\/\/chebspanama.org\/inicio\/wp-content\/uploads\/2025\/05\/cropped-cropped-chebs-panama-1-300x300.jpg 300w, https:\/\/chebspanama.org\/inicio\/wp-content\/uploads\/2025\/05\/cropped-cropped-chebs-panama-1-150x150.jpg 150w, https:\/\/chebspanama.org\/inicio\/wp-content\/uploads\/2025\/05\/cropped-cropped-chebs-panama-1-600x600.jpg 600w\" sizes=\"(max-width: 650px) 100vw, 650px\" \/>\t\t\t\t\t\t\t\t\t\t\t\t\t\t\t<\/div>\n\t\t\t\t<\/div>\n\t\t\t\t<\/div>\n\t\t\t\t\t<\/div>\n\t\t\t\t<\/div>\n\t\t<div class=\"elementor-element elementor-element-dca84e8 e-flex e-con-boxed e-con e-parent\" data-id=\"dca84e8\" data-element_type=\"container\" data-e-type=\"container\">\n\t\t\t\t\t<div class=\"e-con-inner\">\n\t\t<div class=\"elementor-element elementor-element-8330754 e-con-full e-flex e-con e-child\" data-id=\"8330754\" data-element_type=\"container\" data-e-type=\"container\" data-settings=\"{&quot;background_background&quot;:&quot;classic&quot;}\">\n\t\t\t\t<div class=\"elementor-element elementor-element-38921fa elementor-widget elementor-widget-theme-site-logo elementor-widget-image\" data-id=\"38921fa\" data-element_type=\"widget\" data-e-type=\"widget\" data-widget_type=\"theme-site-logo.default\">\n\t\t\t\t<div class=\"elementor-widget-container\">\n\t\t\t\t\t\t\t\t\t\t\t<a href=\"https:\/\/chebspanama.org\/inicio\">\n\t\t\t<img decoding=\"async\" width=\"400\" height=\"100\" src=\"https:\/\/chebspanama.org\/inicio\/wp-content\/uploads\/2025\/05\/logo.png\" class=\"attachment-full size-full wp-image-58\" alt=\"\" srcset=\"https:\/\/chebspanama.org\/inicio\/wp-content\/uploads\/2025\/05\/logo.png 400w, https:\/\/chebspanama.org\/inicio\/wp-content\/uploads\/2025\/05\/logo-300x75.png 300w\" sizes=\"(max-width: 400px) 100vw, 400px\" \/>\t\t\t\t<\/a>\n\t\t\t\t\t\t\t\t\t\t\t<\/div>\n\t\t\t\t<\/div>\n\t\t\t\t<\/div>\n\t\t<div class=\"elementor-element elementor-element-67c6b48 e-con-full e-flex e-con e-child\" data-id=\"67c6b48\" data-element_type=\"container\" data-e-type=\"container\" data-settings=\"{&quot;background_background&quot;:&quot;classic&quot;}\">\n\t\t\t\t<div class=\"elementor-element elementor-element-1b614e5 elementor-widget elementor-widget-text-editor\" data-id=\"1b614e5\" data-element_type=\"widget\" data-e-type=\"widget\" data-widget_type=\"text-editor.default\">\n\t\t\t\t<div class=\"elementor-widget-container\">\n\t\t\t\t\t\t\t\t\t<p>Juan D\u00edaz, calle 4ta, transversal tercera (Bajando por la iglesia El Carmen),\u00a0Panam\u00e1, Rep\u00fablica de Panam\u00e1<\/p><p>N\u00famero de Tel\u00e9fono: 220-5815<\/p><p>E-Mail:\u00a0chebs_@hotmail.com<\/p>\t\t\t\t\t\t\t\t<\/div>\n\t\t\t\t<\/div>\n\t\t\t\t<\/div>\n\t\t\t\t\t<\/div>\n\t\t\t\t<\/div>\n\t\t\t\t<\/div>\n\t\t","protected":false},"excerpt":{"rendered":"<p>Objetivos Proporcionar una Casa Hogar digna y solidaria, donde se ofrezca atencio\u0301n integral para su recuperacio\u0301n y construccio\u0301n de alternativas que permitan su reincorporacio\u0301n a la sociedad. \u00a0 Facilitar un ambiente armo\u0301nico para que las personas que llegan a la Casa Hogar se sientan motivadas y acompan\u0303adas por todas las personas que ofrecen servicios. \u00a0 [&hellip;]<\/p>\n","protected":false},"author":1,"featured_media":0,"parent":0,"menu_order":0,"comment_status":"closed","ping_status":"closed","template":"elementor_header_footer","meta":{"footnotes":""},"class_list":["post-983","page","type-page","status-publish","hentry","entry"],"yoast_head":"<!-- This site is optimized with the Yoast SEO plugin v27.2 - https:\/\/yoast.com\/product\/yoast-seo-wordpress\/ -->\n<title>Objetivos -<\/title>\n<meta name=\"robots\" content=\"index, follow, max-snippet:-1, max-image-preview:large, max-video-preview:-1\" \/>\n<link rel=\"canonical\" href=\"https:\/\/chebspanama.org\/inicio\/objetivos\/\" \/>\n<meta property=\"og:locale\" content=\"es_ES\" \/>\n<meta property=\"og:type\" content=\"article\" \/>\n<meta property=\"og:title\" content=\"Objetivos -\" \/>\n<meta property=\"og:description\" content=\"Objetivos Proporcionar una Casa Hogar digna y solidaria, donde se ofrezca atencio\u0301n integral para su recuperacio\u0301n y construccio\u0301n de alternativas que permitan su reincorporacio\u0301n a la sociedad. \u00a0 Facilitar un ambiente armo\u0301nico para que las personas que llegan a la Casa Hogar se sientan motivadas y acompan\u0303adas por todas las personas que ofrecen servicios. \u00a0 [&hellip;]\" \/>\n<meta property=\"og:url\" content=\"https:\/\/chebspanama.org\/inicio\/objetivos\/\" \/>\n<meta property=\"article:modified_time\" content=\"2025-05-19T20:29:55+00:00\" \/>\n<meta property=\"og:image\" content=\"https:\/\/chebspanama.org\/inicio\/wp-content\/uploads\/2025\/05\/cropped-cropped-chebs-panama-1.jpg\" \/>\n\t<meta property=\"og:image:width\" content=\"650\" \/>\n\t<meta property=\"og:image:height\" content=\"650\" \/>\n\t<meta property=\"og:image:type\" content=\"image\/jpeg\" \/>\n<meta name=\"twitter:card\" content=\"summary_large_image\" \/>\n<meta name=\"twitter:label1\" content=\"Tiempo de lectura\" \/>\n\t<meta name=\"twitter:data1\" content=\"1 minuto\" \/>\n<script type=\"application\/ld+json\" class=\"yoast-schema-graph\">{\"@context\":\"https:\/\/schema.org\",\"@graph\":[{\"@type\":\"WebPage\",\"@id\":\"https:\/\/chebspanama.org\/inicio\/objetivos\/\",\"url\":\"https:\/\/chebspanama.org\/inicio\/objetivos\/\",\"name\":\"Objetivos -\",\"isPartOf\":{\"@id\":\"https:\/\/chebspanama.org\/inicio\/#website\"},\"primaryImageOfPage\":{\"@id\":\"https:\/\/chebspanama.org\/inicio\/objetivos\/#primaryimage\"},\"image\":{\"@id\":\"https:\/\/chebspanama.org\/inicio\/objetivos\/#primaryimage\"},\"thumbnailUrl\":\"https:\/\/chebspanama.org\/inicio\/wp-content\/uploads\/2025\/05\/cropped-cropped-chebs-panama-1.jpg\",\"datePublished\":\"2025-05-19T20:18:00+00:00\",\"dateModified\":\"2025-05-19T20:29:55+00:00\",\"breadcrumb\":{\"@id\":\"https:\/\/chebspanama.org\/inicio\/objetivos\/#breadcrumb\"},\"inLanguage\":\"es\",\"potentialAction\":[{\"@type\":\"ReadAction\",\"target\":[\"https:\/\/chebspanama.org\/inicio\/objetivos\/\"]}]},{\"@type\":\"ImageObject\",\"inLanguage\":\"es\",\"@id\":\"https:\/\/chebspanama.org\/inicio\/objetivos\/#primaryimage\",\"url\":\"https:\/\/chebspanama.org\/inicio\/wp-content\/uploads\/2025\/05\/cropped-cropped-chebs-panama-1.jpg\",\"contentUrl\":\"https:\/\/chebspanama.org\/inicio\/wp-content\/uploads\/2025\/05\/cropped-cropped-chebs-panama-1.jpg\",\"width\":650,\"height\":650},{\"@type\":\"BreadcrumbList\",\"@id\":\"https:\/\/chebspanama.org\/inicio\/objetivos\/#breadcrumb\",\"itemListElement\":[{\"@type\":\"ListItem\",\"position\":1,\"name\":\"Portada\",\"item\":\"https:\/\/chebspanama.org\/inicio\/\"},{\"@type\":\"ListItem\",\"position\":2,\"name\":\"Objetivos\"}]},{\"@type\":\"WebSite\",\"@id\":\"https:\/\/chebspanama.org\/inicio\/#website\",\"url\":\"https:\/\/chebspanama.org\/inicio\/\",\"name\":\"\",\"description\":\"\",\"potentialAction\":[{\"@type\":\"SearchAction\",\"target\":{\"@type\":\"EntryPoint\",\"urlTemplate\":\"https:\/\/chebspanama.org\/inicio\/?s={search_term_string}\"},\"query-input\":{\"@type\":\"PropertyValueSpecification\",\"valueRequired\":true,\"valueName\":\"search_term_string\"}}],\"inLanguage\":\"es\"}]}<\/script>\n<!-- \/ Yoast SEO plugin. -->","yoast_head_json":{"title":"Objetivos -","robots":{"index":"index","follow":"follow","max-snippet":"max-snippet:-1","max-image-preview":"max-image-preview:large","max-video-preview":"max-video-preview:-1"},"canonical":"https:\/\/chebspanama.org\/inicio\/objetivos\/","og_locale":"es_ES","og_type":"article","og_title":"Objetivos -","og_description":"Objetivos Proporcionar una Casa Hogar digna y solidaria, donde se ofrezca atencio\u0301n integral para su recuperacio\u0301n y construccio\u0301n de alternativas que permitan su reincorporacio\u0301n a la sociedad. \u00a0 Facilitar un ambiente armo\u0301nico para que las personas que llegan a la Casa Hogar se sientan motivadas y acompan\u0303adas por todas las personas que ofrecen servicios. \u00a0 [&hellip;]","og_url":"https:\/\/chebspanama.org\/inicio\/objetivos\/","article_modified_time":"2025-05-19T20:29:55+00:00","og_image":[{"width":650,"height":650,"url":"https:\/\/chebspanama.org\/inicio\/wp-content\/uploads\/2025\/05\/cropped-cropped-chebs-panama-1.jpg","type":"image\/jpeg"}],"twitter_card":"summary_large_image","twitter_misc":{"Tiempo de lectura":"1 minuto"},"schema":{"@context":"https:\/\/schema.org","@graph":[{"@type":"WebPage","@id":"https:\/\/chebspanama.org\/inicio\/objetivos\/","url":"https:\/\/chebspanama.org\/inicio\/objetivos\/","name":"Objetivos -","isPartOf":{"@id":"https:\/\/chebspanama.org\/inicio\/#website"},"primaryImageOfPage":{"@id":"https:\/\/chebspanama.org\/inicio\/objetivos\/#primaryimage"},"image":{"@id":"https:\/\/chebspanama.org\/inicio\/objetivos\/#primaryimage"},"thumbnailUrl":"https:\/\/chebspanama.org\/inicio\/wp-content\/uploads\/2025\/05\/cropped-cropped-chebs-panama-1.jpg","datePublished":"2025-05-19T20:18:00+00:00","dateModified":"2025-05-19T20:29:55+00:00","breadcrumb":{"@id":"https:\/\/chebspanama.org\/inicio\/objetivos\/#breadcrumb"},"inLanguage":"es","potentialAction":[{"@type":"ReadAction","target":["https:\/\/chebspanama.org\/inicio\/objetivos\/"]}]},{"@type":"ImageObject","inLanguage":"es","@id":"https:\/\/chebspanama.org\/inicio\/objetivos\/#primaryimage","url":"https:\/\/chebspanama.org\/inicio\/wp-content\/uploads\/2025\/05\/cropped-cropped-chebs-panama-1.jpg","contentUrl":"https:\/\/chebspanama.org\/inicio\/wp-content\/uploads\/2025\/05\/cropped-cropped-chebs-panama-1.jpg","width":650,"height":650},{"@type":"BreadcrumbList","@id":"https:\/\/chebspanama.org\/inicio\/objetivos\/#breadcrumb","itemListElement":[{"@type":"ListItem","position":1,"name":"Portada","item":"https:\/\/chebspanama.org\/inicio\/"},{"@type":"ListItem","position":2,"name":"Objetivos"}]},{"@type":"WebSite","@id":"https:\/\/chebspanama.org\/inicio\/#website","url":"https:\/\/chebspanama.org\/inicio\/","name":"","description":"","potentialAction":[{"@type":"SearchAction","target":{"@type":"EntryPoint","urlTemplate":"https:\/\/chebspanama.org\/inicio\/?s={search_term_string}"},"query-input":{"@type":"PropertyValueSpecification","valueRequired":true,"valueName":"search_term_string"}}],"inLanguage":"es"}]}},"_links":{"self":[{"href":"https:\/\/chebspanama.org\/inicio\/wp-json\/wp\/v2\/pages\/983","targetHints":{"allow":["GET"]}}],"collection":[{"href":"https:\/\/chebspanama.org\/inicio\/wp-json\/wp\/v2\/pages"}],"about":[{"href":"https:\/\/chebspanama.org\/inicio\/wp-json\/wp\/v2\/types\/page"}],"author":[{"embeddable":true,"href":"https:\/\/chebspanama.org\/inicio\/wp-json\/wp\/v2\/users\/1"}],"replies":[{"embeddable":true,"href":"https:\/\/chebspanama.org\/inicio\/wp-json\/wp\/v2\/comments?post=983"}],"version-history":[{"count":22,"href":"https:\/\/chebspanama.org\/inicio\/wp-json\/wp\/v2\/pages\/983\/revisions"}],"predecessor-version":[{"id":1010,"href":"https:\/\/chebspanama.org\/inicio\/wp-json\/wp\/v2\/pages\/983\/revisions\/1010"}],"wp:attachment":[{"href":"https:\/\/chebspanama.org\/inicio\/wp-json\/wp\/v2\/media?parent=983"}],"curies":[{"name":"wp","href":"https:\/\/api.w.org\/{rel}","templated":true}]}}