{"id":751,"date":"2025-05-14T16:14:07","date_gmt":"2025-05-14T21:14:07","guid":{"rendered":"https:\/\/chebspanama.org\/inicio\/?page_id=751"},"modified":"2025-05-23T10:59:04","modified_gmt":"2025-05-23T15:59:04","slug":"voluntariado","status":"publish","type":"page","link":"https:\/\/chebspanama.org\/inicio\/voluntariado\/","title":{"rendered":"Voluntariado"},"content":{"rendered":"\t\t<div data-elementor-type=\"wp-page\" data-elementor-id=\"751\" class=\"elementor elementor-751\" data-elementor-post-type=\"page\">\n\t\t\t\t<div class=\"elementor-element elementor-element-727c4de e-flex e-con-boxed e-con e-parent\" data-id=\"727c4de\" data-element_type=\"container\" data-e-type=\"container\" data-settings=\"{&quot;background_background&quot;:&quot;classic&quot;}\">\n\t\t\t\t\t<div class=\"e-con-inner\">\n\t\t<div class=\"elementor-element elementor-element-45bd752 e-con-full e-flex e-con e-child\" data-id=\"45bd752\" data-element_type=\"container\" data-e-type=\"container\" data-settings=\"{&quot;background_background&quot;:&quot;classic&quot;}\">\n\t\t\t\t<\/div>\n\t\t\t\t\t<\/div>\n\t\t\t\t<\/div>\n\t\t<div class=\"elementor-element elementor-element-7d3210a e-flex e-con-boxed e-con e-parent\" data-id=\"7d3210a\" data-element_type=\"container\" data-e-type=\"container\">\n\t\t\t\t\t<div class=\"e-con-inner\">\n\t\t<div class=\"elementor-element elementor-element-f1fd8c6 e-con-full e-flex e-con e-child\" data-id=\"f1fd8c6\" data-element_type=\"container\" data-e-type=\"container\">\n\t\t\t\t<div class=\"elementor-element elementor-element-dd2ff42 elementor-invisible elementor-widget elementor-widget-text-editor\" data-id=\"dd2ff42\" data-element_type=\"widget\" data-e-type=\"widget\" data-settings=\"{&quot;_animation&quot;:&quot;fadeIn&quot;}\" data-widget_type=\"text-editor.default\">\n\t\t\t\t<div class=\"elementor-widget-container\">\n\t\t\t\t\t\t\t\t\tServir con acciones humanitarias y solidarias, como respuesta a testimonio de la esperanza, la caridad y el amor con el projimo.\t\t\t\t\t\t\t\t<\/div>\n\t\t\t\t<\/div>\n\t\t\t\t<\/div>\n\t\t\t\t\t<\/div>\n\t\t\t\t<\/div>\n\t\t<div class=\"elementor-element elementor-element-cbda9e6 e-flex e-con-boxed e-con e-parent\" data-id=\"cbda9e6\" data-element_type=\"container\" data-e-type=\"container\">\n\t\t\t\t\t<div class=\"e-con-inner\">\n\t\t<div class=\"elementor-element elementor-element-e2fa406 e-con-full e-flex e-con e-child\" data-id=\"e2fa406\" data-element_type=\"container\" data-e-type=\"container\" data-settings=\"{&quot;background_background&quot;:&quot;classic&quot;}\">\n\t\t\t\t<div class=\"elementor-element elementor-element-99f2236 elementor-invisible elementor-widget elementor-widget-heading\" data-id=\"99f2236\" data-element_type=\"widget\" data-e-type=\"widget\" data-settings=\"{&quot;_animation&quot;:&quot;fadeIn&quot;}\" data-widget_type=\"heading.default\">\n\t\t\t\t<div class=\"elementor-widget-container\">\n\t\t\t\t\t<h2 class=\"elementor-heading-title elementor-size-default\">\u00bfQue se busca con el Voluntariado?<\/h2>\t\t\t\t<\/div>\n\t\t\t\t<\/div>\n\t\t\t\t<\/div>\n\t\t\t\t\t<\/div>\n\t\t\t\t<\/div>\n\t\t<div class=\"elementor-element elementor-element-2157aa4 e-flex e-con-boxed e-con e-parent\" data-id=\"2157aa4\" data-element_type=\"container\" data-e-type=\"container\">\n\t\t\t\t\t<div class=\"e-con-inner\">\n\t\t<div class=\"elementor-element elementor-element-1ffff99 e-con-full e-flex e-con e-child\" data-id=\"1ffff99\" data-element_type=\"container\" data-e-type=\"container\" data-settings=\"{&quot;background_background&quot;:&quot;classic&quot;}\">\n\t\t\t\t<div class=\"elementor-element elementor-element-0d96246 elementor-widget elementor-widget-text-editor\" data-id=\"0d96246\" data-element_type=\"widget\" data-e-type=\"widget\" data-widget_type=\"text-editor.default\">\n\t\t\t\t<div class=\"elementor-widget-container\">\n\t\t\t\t\t\t\t\t\t<div class=\"fl-module fl-module-rich-text fl-node-5e5ffec03ff2b\" data-node=\"5e5ffec03ff2b\"><div class=\"fl-module-content fl-node-content\"><div class=\"fl-rich-text\"><div class=\"page\" title=\"Page 25\"><div class=\"section\"><div class=\"layoutArea\"><div class=\"column\"><p>Constituir grupo cristiano integrado por personas comprometidas, que ofrecen un servicio con acciones altruistas, humanitarias y solidarias, como respuesta a testimoniar la esperanza, la caridad y el amor con el pro\u0301jimo; que nacen de haber recibido el Espi\u0301ritu de Jesucristo para actuar, pensar y sentir como E\u0301l; siguiendo su ensen\u0303anza como voluntario por excelencia que no \u201cvino para ser servido, sino para servir y para dar su vida en redencio\u0301n de muchos\u201d (Mt 20, 28).<\/p><\/div><\/div><\/div><\/div><\/div><\/div><\/div><div class=\"fl-col-group fl-node-5e6000249e939 fl-col-group-nested\" data-node=\"5e6000249e939\"><div class=\"fl-col fl-node-5e6000249eb3a\" data-node=\"5e6000249eb3a\"><div class=\"fl-col-content fl-node-content\"><div class=\"fl-module fl-module-rich-text fl-node-5e60002e8b6f0\" data-node=\"5e60002e8b6f0\"><div class=\"fl-module-content fl-node-content\"><div class=\"fl-rich-text\">\u00a0<\/div><\/div><\/div><\/div><\/div><\/div>\t\t\t\t\t\t\t\t<\/div>\n\t\t\t\t<\/div>\n\t\t\t\t<\/div>\n\t\t\t\t\t<\/div>\n\t\t\t\t<\/div>\n\t\t<div class=\"elementor-element elementor-element-35baec9 e-flex e-con-boxed e-con e-parent\" data-id=\"35baec9\" data-element_type=\"container\" data-e-type=\"container\">\n\t\t\t\t\t<div class=\"e-con-inner\">\n\t\t<div class=\"elementor-element elementor-element-44498d7 e-con-full e-flex e-con e-child\" data-id=\"44498d7\" data-element_type=\"container\" data-e-type=\"container\" data-settings=\"{&quot;background_background&quot;:&quot;classic&quot;}\">\n\t\t\t\t<div class=\"elementor-element elementor-element-7ab641d elementor-invisible elementor-widget elementor-widget-heading\" data-id=\"7ab641d\" data-element_type=\"widget\" data-e-type=\"widget\" data-settings=\"{&quot;_animation&quot;:&quot;fadeInUp&quot;}\" data-widget_type=\"heading.default\">\n\t\t\t\t<div class=\"elementor-widget-container\">\n\t\t\t\t\t<h3 class=\"elementor-heading-title elementor-size-default\">El objetivo del Departamento de Voluntarios<\/h3>\t\t\t\t<\/div>\n\t\t\t\t<\/div>\n\t\t\t\t<\/div>\n\t\t<div class=\"elementor-element elementor-element-0fdad3f e-con-full e-flex e-con e-child\" data-id=\"0fdad3f\" data-element_type=\"container\" data-e-type=\"container\" data-settings=\"{&quot;background_background&quot;:&quot;classic&quot;}\">\n\t\t\t\t<div class=\"elementor-element elementor-element-be6c543 elementor-invisible elementor-widget elementor-widget-text-editor\" data-id=\"be6c543\" data-element_type=\"widget\" data-e-type=\"widget\" data-settings=\"{&quot;_animation&quot;:&quot;fadeInUp&quot;}\" data-widget_type=\"text-editor.default\">\n\t\t\t\t<div class=\"elementor-widget-container\">\n\t\t\t\t\t\t\t\t\t<div class=\"fl-module fl-module-rich-text fl-node-5e5ffec03ff2b\" data-node=\"5e5ffec03ff2b\"><div class=\"fl-module-content fl-node-content\"><div class=\"fl-rich-text\"><div class=\"page\" title=\"Page 25\"><div class=\"section\"><div class=\"layoutArea\"><div class=\"column\"><p>Constituir grupo cristiano integrado por personas comprometidas, que ofrecen un servicio con acciones altruistas, humanitarias y solidarias, como respuesta a testimoniar la esperanza, la caridad y el amor con el pro\u0301jimo; que nacen de haber recibido el Espi\u0301ritu de Jesucristo para actuar, pensar y sentir como E\u0301l; siguiendo su ensen\u0303anza como voluntario por excelencia que no \u201cvino para ser servido, sino para servir y para dar su vida en redencio\u0301n de muchos\u201d (Mt 20, 28).<\/p><\/div><\/div><\/div><\/div><\/div><\/div><\/div><div class=\"fl-col-group fl-node-5e6000249e939 fl-col-group-nested\" data-node=\"5e6000249e939\"><div class=\"fl-col fl-node-5e6000249eb3a\" data-node=\"5e6000249eb3a\"><div class=\"fl-col-content fl-node-content\"><div class=\"fl-module fl-module-rich-text fl-node-5e60002e8b6f0\" data-node=\"5e60002e8b6f0\"><div class=\"fl-module-content fl-node-content\"><div class=\"fl-rich-text\">\u00a0<\/div><\/div><\/div><\/div><\/div><\/div>\t\t\t\t\t\t\t\t<\/div>\n\t\t\t\t<\/div>\n\t\t\t\t<\/div>\n\t\t\t\t\t<\/div>\n\t\t\t\t<\/div>\n\t\t<div class=\"elementor-element elementor-element-9a6c333 e-flex e-con-boxed e-con e-parent\" data-id=\"9a6c333\" data-element_type=\"container\" data-e-type=\"container\">\n\t\t\t\t\t<div class=\"e-con-inner\">\n\t\t<div class=\"elementor-element elementor-element-58c246b e-con-full e-flex e-con e-child\" data-id=\"58c246b\" data-element_type=\"container\" data-e-type=\"container\" data-settings=\"{&quot;background_background&quot;:&quot;classic&quot;}\">\n\t\t\t\t<div class=\"elementor-element elementor-element-a73f7bd elementor-invisible elementor-widget elementor-widget-heading\" data-id=\"a73f7bd\" data-element_type=\"widget\" data-e-type=\"widget\" data-settings=\"{&quot;_animation&quot;:&quot;fadeIn&quot;}\" data-widget_type=\"heading.default\">\n\t\t\t\t<div class=\"elementor-widget-container\">\n\t\t\t\t\t<h3 class=\"elementor-heading-title elementor-size-default\">Los Valores del Voluntario<\/h3>\t\t\t\t<\/div>\n\t\t\t\t<\/div>\n\t\t\t\t<\/div>\n\t\t<div class=\"elementor-element elementor-element-676c063 e-con-full e-flex e-con e-child\" data-id=\"676c063\" data-element_type=\"container\" data-e-type=\"container\" data-settings=\"{&quot;background_background&quot;:&quot;classic&quot;}\">\n\t\t\t\t<div class=\"elementor-element elementor-element-c5caeb9 elementor-widget elementor-widget-text-editor\" data-id=\"c5caeb9\" data-element_type=\"widget\" data-e-type=\"widget\" data-widget_type=\"text-editor.default\">\n\t\t\t\t<div class=\"elementor-widget-container\">\n\t\t\t\t\t\t\t\t\t<p><strong>Fraternidad:<\/strong>\u00a0Que aporta su grano de arena, en comunio\u0301n con otros, sintie\u0301ndose parte de una gran familia.<\/p><div class=\"fl-module fl-module-rich-text fl-node-5e4edd2e4d595\" data-node=\"5e4edd2e4d595\"><div class=\"fl-module-content fl-node-content\"><div class=\"fl-rich-text\"><div class=\"page\" title=\"Page 26\"><div class=\"section\"><div class=\"layoutArea\"><div class=\"column\"><p><strong>Perspicia:<\/strong>\u00a0Qu\u00e9 escucha la vida y por eso colabora gratuitamente en las diferentes actividades de la Fundacio\u0301n Casa Hogar El Buen Samaritano.<\/p><\/div><\/div><\/div><\/div><\/div><\/div><\/div><div class=\"fl-module fl-module-rich-text fl-node-5e4edd2e4d60f\" data-node=\"5e4edd2e4d60f\"><div class=\"fl-module-content fl-node-content\"><div class=\"fl-rich-text\"><div class=\"page\" title=\"Page 26\"><div class=\"section\"><div class=\"layoutArea\"><div class=\"column\"><p><strong>Atenta:<\/strong>\u00a0Qu\u00e9 sabe que Dios actu\u0301a desde lo pequen\u0303o y hace cosas grandes.<\/p><\/div><\/div><\/div><\/div><\/div><\/div><\/div><div class=\"fl-module fl-module-rich-text fl-node-5e4edd2e4d7aa\" data-node=\"5e4edd2e4d7aa\"><div class=\"fl-module-content fl-node-content\"><div class=\"fl-rich-text\"><div class=\"page\" title=\"Page 26\"><div class=\"section\"><div class=\"layoutArea\"><div class=\"column\"><p><strong>Solidaridad:<\/strong>\u00a0Que se deja interpelar por el deseo de reparar nuestro mundo, de trabajar por la justicia en el amor y de mantener viva la preferencia por las personas con VIH\/SIDA.<\/p><\/div><\/div><\/div><\/div><\/div><\/div><\/div><div class=\"fl-module fl-module-rich-text fl-node-5e4edf6b57962\" data-node=\"5e4edf6b57962\"><div class=\"fl-module-content fl-node-content\"><div class=\"fl-rich-text\"><div class=\"page\" title=\"Page 26\"><div class=\"section\"><div class=\"layoutArea\"><div class=\"column\"><p><strong>Inter\u00e9s:<\/strong>\u00a0Qu\u00e9 viva con mentalidad abierta a los problemas que hoy tienen las personas con VIH\/SIDA y aporta alternativas de solucio\u0301n.<\/p><\/div><\/div><\/div><\/div><\/div><\/div><\/div><div class=\"fl-module fl-module-rich-text fl-node-5e4edd2e4d925\" data-node=\"5e4edd2e4d925\"><div class=\"fl-module-content fl-node-content\"><div class=\"fl-rich-text\"><div class=\"page\" title=\"Page 26\"><div class=\"section\"><div class=\"layoutArea\"><div class=\"column\"><p><strong>Compromiso:<\/strong>\u00a0Que se empen\u0303a en transformar la sociedad segu\u0301n los valores de Jesu\u0301s, sin estigma ni discriminacio\u0301n con las personas con VIH\/SIDA.<\/p><\/div><\/div><\/div><\/div><\/div><\/div><\/div><div class=\"fl-module fl-module-rich-text fl-node-5e4edf4ec3cfb\" data-node=\"5e4edf4ec3cfb\"><div class=\"fl-module-content fl-node-content\"><div class=\"fl-rich-text\"><div class=\"page\" title=\"Page 26\"><div class=\"section\"><div class=\"layoutArea\"><div class=\"column\"><p><strong>Coherencia<\/strong>: Cuya vida habla de solidaridad.<\/p><\/div><\/div><\/div><\/div><\/div><\/div><\/div><div class=\"fl-module fl-module-rich-text fl-node-5e4edd2e4d970\" data-node=\"5e4edd2e4d970\"><div class=\"fl-module-content fl-node-content\"><div class=\"fl-rich-text\"><div class=\"page\" title=\"Page 26\"><div class=\"section\"><div class=\"layoutArea\"><div class=\"column\"><p><strong>Trabajo en Equipo<\/strong>: Colaborando los unos con otros, confiando en las capacidades de los dema\u0301s compan\u0303eros y escuchar atentamente todos los puntos de vista.<\/p><\/div><\/div><\/div><\/div><\/div><\/div><\/div><p>.<\/p>\t\t\t\t\t\t\t\t<\/div>\n\t\t\t\t<\/div>\n\t\t\t\t<\/div>\n\t\t\t\t\t<\/div>\n\t\t\t\t<\/div>\n\t\t<div class=\"elementor-element elementor-element-cdc4a89 e-flex e-con-boxed e-con e-parent\" data-id=\"cdc4a89\" data-element_type=\"container\" data-e-type=\"container\">\n\t\t\t\t\t<div class=\"e-con-inner\">\n\t\t<div class=\"elementor-element elementor-element-321e57d e-con-full e-flex e-con e-child\" data-id=\"321e57d\" data-element_type=\"container\" data-e-type=\"container\" data-settings=\"{&quot;background_background&quot;:&quot;classic&quot;}\">\n\t\t\t\t<div class=\"elementor-element elementor-element-5a5037a elementor-widget elementor-widget-text-editor\" data-id=\"5a5037a\" data-element_type=\"widget\" data-e-type=\"widget\" data-widget_type=\"text-editor.default\">\n\t\t\t\t<div class=\"elementor-widget-container\">\n\t\t\t\t\t\t\t\t\t<p>En la lucha contra las enfermedades que padecen nuestros hermanos, es necesario que entidades sin fines de lucro como CHEBS presten atenci\u00f3n integral a las personas afectadas por VIH\/SIDA.<\/p><p>Estas entidades sin fines de lucro requieren la colaboraci\u00f3n y apoyo de los recursos necesarios para continuar con la obra.<\/p><p><strong>Si desea ayudar a avivar la llama de un hermano que padece de VIH\/SIDA, llenar el siguiente formulario:<\/strong><\/p><p>.<\/p>\t\t\t\t\t\t\t\t<\/div>\n\t\t\t\t<\/div>\n\t\t\t\t<\/div>\n\t\t\t\t\t<\/div>\n\t\t\t\t<\/div>\n\t\t<div class=\"elementor-element elementor-element-45db60c e-flex e-con-boxed e-con e-parent\" data-id=\"45db60c\" data-element_type=\"container\" data-e-type=\"container\">\n\t\t\t\t\t<div class=\"e-con-inner\">\n\t\t<div class=\"elementor-element elementor-element-11bc0ee e-con-full e-flex e-con e-child\" data-id=\"11bc0ee\" data-element_type=\"container\" data-e-type=\"container\" data-settings=\"{&quot;background_background&quot;:&quot;classic&quot;}\">\n\t\t\t\t<\/div>\n\t\t<div class=\"elementor-element elementor-element-d70c030 e-con-full e-flex e-con e-child\" data-id=\"d70c030\" data-element_type=\"container\" data-e-type=\"container\" data-settings=\"{&quot;background_background&quot;:&quot;classic&quot;}\">\n\t\t\t\t<div class=\"elementor-element elementor-element-3b9c56a elementor-button-align-stretch elementor-widget elementor-widget-form\" data-id=\"3b9c56a\" data-element_type=\"widget\" data-e-type=\"widget\" data-settings=\"{&quot;step_next_label&quot;:&quot;Next&quot;,&quot;step_previous_label&quot;:&quot;Previous&quot;,&quot;button_width&quot;:&quot;100&quot;,&quot;step_type&quot;:&quot;number_text&quot;,&quot;step_icon_shape&quot;:&quot;circle&quot;}\" data-widget_type=\"form.default\">\n\t\t\t\t<div class=\"elementor-widget-container\">\n\t\t\t\t\t\t\t<form class=\"elementor-form\" method=\"post\" name=\"New Form\" aria-label=\"New Form\">\n\t\t\t<input type=\"hidden\" name=\"post_id\" value=\"751\"\/>\n\t\t\t<input type=\"hidden\" name=\"form_id\" value=\"3b9c56a\"\/>\n\t\t\t<input type=\"hidden\" name=\"referer_title\" value=\"Voluntariado -\" \/>\n\n\t\t\t\t\t\t\t<input type=\"hidden\" name=\"queried_id\" value=\"751\"\/>\n\t\t\t\n\t\t\t<div class=\"elementor-form-fields-wrapper elementor-labels-above\">\n\t\t\t\t\t\t\t\t<div class=\"elementor-field-type-text elementor-field-group elementor-column elementor-field-group-name elementor-col-100\">\n\t\t\t\t\t\t\t\t\t\t\t\t\t<input size=\"1\" type=\"text\" name=\"form_fields[name]\" id=\"form-field-name\" class=\"elementor-field elementor-size-sm  elementor-field-textual\" placeholder=\"Nombre\">\n\t\t\t\t\t\t\t\t\t\t\t<\/div>\n\t\t\t\t\t\t\t\t<div class=\"elementor-field-type-email elementor-field-group elementor-column elementor-field-group-email elementor-col-100 elementor-field-required\">\n\t\t\t\t\t\t\t\t\t\t\t\t\t<input size=\"1\" type=\"email\" name=\"form_fields[email]\" id=\"form-field-email\" class=\"elementor-field elementor-size-sm  elementor-field-textual\" placeholder=\"Correo Electr\u00f3nico\" required=\"required\">\n\t\t\t\t\t\t\t\t\t\t\t<\/div>\n\t\t\t\t\t\t\t\t<div class=\"elementor-field-group elementor-column elementor-field-type-submit elementor-col-100 e-form__buttons\">\n\t\t\t\t\t<button class=\"elementor-button elementor-size-sm\" type=\"submit\">\n\t\t\t\t\t\t<span class=\"elementor-button-content-wrapper\">\n\t\t\t\t\t\t\t\t\t\t\t\t\t\t\t\t\t\t\t\t\t\t<span class=\"elementor-button-text\">ENVIAR<\/span>\n\t\t\t\t\t\t\t\t\t\t\t\t\t<\/span>\n\t\t\t\t\t<\/button>\n\t\t\t\t<\/div>\n\t\t\t<\/div>\n\t\t<\/form>\n\t\t\t\t\t\t<\/div>\n\t\t\t\t<\/div>\n\t\t\t\t<\/div>\n\t\t<div class=\"elementor-element elementor-element-c4dda80 e-con-full e-flex e-con e-child\" data-id=\"c4dda80\" data-element_type=\"container\" data-e-type=\"container\" data-settings=\"{&quot;background_background&quot;:&quot;classic&quot;}\">\n\t\t\t\t<\/div>\n\t\t\t\t\t<\/div>\n\t\t\t\t<\/div>\n\t\t<div class=\"elementor-element elementor-element-dca84e8 e-flex e-con-boxed e-con e-parent\" data-id=\"dca84e8\" data-element_type=\"container\" data-e-type=\"container\">\n\t\t\t\t\t<div class=\"e-con-inner\">\n\t\t<div class=\"elementor-element elementor-element-8330754 e-con-full e-flex e-con e-child\" data-id=\"8330754\" data-element_type=\"container\" data-e-type=\"container\" data-settings=\"{&quot;background_background&quot;:&quot;classic&quot;}\">\n\t\t\t\t<div class=\"elementor-element elementor-element-38921fa elementor-widget elementor-widget-theme-site-logo elementor-widget-image\" data-id=\"38921fa\" data-element_type=\"widget\" data-e-type=\"widget\" data-widget_type=\"theme-site-logo.default\">\n\t\t\t\t<div class=\"elementor-widget-container\">\n\t\t\t\t\t\t\t\t\t\t\t<a href=\"https:\/\/chebspanama.org\/inicio\">\n\t\t\t<img decoding=\"async\" width=\"400\" height=\"100\" src=\"https:\/\/chebspanama.org\/inicio\/wp-content\/uploads\/2025\/05\/logo.png\" class=\"attachment-full size-full wp-image-58\" alt=\"\" srcset=\"https:\/\/chebspanama.org\/inicio\/wp-content\/uploads\/2025\/05\/logo.png 400w, https:\/\/chebspanama.org\/inicio\/wp-content\/uploads\/2025\/05\/logo-300x75.png 300w\" sizes=\"(max-width: 400px) 100vw, 400px\" \/>\t\t\t\t<\/a>\n\t\t\t\t\t\t\t\t\t\t\t<\/div>\n\t\t\t\t<\/div>\n\t\t\t\t<\/div>\n\t\t<div class=\"elementor-element elementor-element-67c6b48 e-con-full e-flex e-con e-child\" data-id=\"67c6b48\" data-element_type=\"container\" data-e-type=\"container\" data-settings=\"{&quot;background_background&quot;:&quot;classic&quot;}\">\n\t\t\t\t<div class=\"elementor-element elementor-element-1b614e5 elementor-widget elementor-widget-text-editor\" data-id=\"1b614e5\" data-element_type=\"widget\" data-e-type=\"widget\" data-widget_type=\"text-editor.default\">\n\t\t\t\t<div class=\"elementor-widget-container\">\n\t\t\t\t\t\t\t\t\t<p>Juan D\u00edaz, calle 4ta, transversal tercera (Bajando por la iglesia El Carmen),\u00a0Panam\u00e1, Rep\u00fablica de Panam\u00e1<\/p><p>N\u00famero de Tel\u00e9fono: 220-5815<\/p><p>E-Mail:\u00a0chebs_@hotmail.com<\/p>\t\t\t\t\t\t\t\t<\/div>\n\t\t\t\t<\/div>\n\t\t\t\t<\/div>\n\t\t\t\t\t<\/div>\n\t\t\t\t<\/div>\n\t\t\t\t<\/div>\n\t\t","protected":false},"excerpt":{"rendered":"<p>Servir con acciones humanitarias y solidarias, como respuesta a testimonio de la esperanza, la caridad y el amor con el projimo. \u00bfQue se busca con el Voluntariado? Constituir grupo cristiano integrado por personas comprometidas, que ofrecen un servicio con acciones altruistas, humanitarias y solidarias, como respuesta a testimoniar la esperanza, la caridad y el amor [&hellip;]<\/p>\n","protected":false},"author":1,"featured_media":0,"parent":0,"menu_order":0,"comment_status":"closed","ping_status":"closed","template":"elementor_header_footer","meta":{"footnotes":""},"class_list":["post-751","page","type-page","status-publish","hentry","entry"],"yoast_head":"<!-- This site is optimized with the Yoast SEO plugin v27.2 - https:\/\/yoast.com\/product\/yoast-seo-wordpress\/ -->\n<title>Voluntariado -<\/title>\n<meta name=\"robots\" content=\"index, follow, max-snippet:-1, max-image-preview:large, max-video-preview:-1\" \/>\n<link rel=\"canonical\" href=\"https:\/\/chebspanama.org\/inicio\/voluntariado\/\" \/>\n<meta property=\"og:locale\" content=\"es_ES\" \/>\n<meta property=\"og:type\" content=\"article\" \/>\n<meta property=\"og:title\" content=\"Voluntariado -\" \/>\n<meta property=\"og:description\" content=\"Servir con acciones humanitarias y solidarias, como respuesta a testimonio de la esperanza, la caridad y el amor con el projimo. \u00bfQue se busca con el Voluntariado? Constituir grupo cristiano integrado por personas comprometidas, que ofrecen un servicio con acciones altruistas, humanitarias y solidarias, como respuesta a testimoniar la esperanza, la caridad y el amor [&hellip;]\" \/>\n<meta property=\"og:url\" content=\"https:\/\/chebspanama.org\/inicio\/voluntariado\/\" \/>\n<meta property=\"article:modified_time\" content=\"2025-05-23T15:59:04+00:00\" \/>\n<meta name=\"twitter:card\" content=\"summary_large_image\" \/>\n<meta name=\"twitter:label1\" content=\"Tiempo de lectura\" \/>\n\t<meta name=\"twitter:data1\" content=\"2 minutos\" \/>\n<script type=\"application\/ld+json\" class=\"yoast-schema-graph\">{\"@context\":\"https:\/\/schema.org\",\"@graph\":[{\"@type\":\"WebPage\",\"@id\":\"https:\/\/chebspanama.org\/inicio\/voluntariado\/\",\"url\":\"https:\/\/chebspanama.org\/inicio\/voluntariado\/\",\"name\":\"Voluntariado -\",\"isPartOf\":{\"@id\":\"https:\/\/chebspanama.org\/inicio\/#website\"},\"datePublished\":\"2025-05-14T21:14:07+00:00\",\"dateModified\":\"2025-05-23T15:59:04+00:00\",\"breadcrumb\":{\"@id\":\"https:\/\/chebspanama.org\/inicio\/voluntariado\/#breadcrumb\"},\"inLanguage\":\"es\",\"potentialAction\":[{\"@type\":\"ReadAction\",\"target\":[\"https:\/\/chebspanama.org\/inicio\/voluntariado\/\"]}]},{\"@type\":\"BreadcrumbList\",\"@id\":\"https:\/\/chebspanama.org\/inicio\/voluntariado\/#breadcrumb\",\"itemListElement\":[{\"@type\":\"ListItem\",\"position\":1,\"name\":\"Portada\",\"item\":\"https:\/\/chebspanama.org\/inicio\/\"},{\"@type\":\"ListItem\",\"position\":2,\"name\":\"Voluntariado\"}]},{\"@type\":\"WebSite\",\"@id\":\"https:\/\/chebspanama.org\/inicio\/#website\",\"url\":\"https:\/\/chebspanama.org\/inicio\/\",\"name\":\"\",\"description\":\"\",\"potentialAction\":[{\"@type\":\"SearchAction\",\"target\":{\"@type\":\"EntryPoint\",\"urlTemplate\":\"https:\/\/chebspanama.org\/inicio\/?s={search_term_string}\"},\"query-input\":{\"@type\":\"PropertyValueSpecification\",\"valueRequired\":true,\"valueName\":\"search_term_string\"}}],\"inLanguage\":\"es\"}]}<\/script>\n<!-- \/ Yoast SEO plugin. -->","yoast_head_json":{"title":"Voluntariado -","robots":{"index":"index","follow":"follow","max-snippet":"max-snippet:-1","max-image-preview":"max-image-preview:large","max-video-preview":"max-video-preview:-1"},"canonical":"https:\/\/chebspanama.org\/inicio\/voluntariado\/","og_locale":"es_ES","og_type":"article","og_title":"Voluntariado -","og_description":"Servir con acciones humanitarias y solidarias, como respuesta a testimonio de la esperanza, la caridad y el amor con el projimo. \u00bfQue se busca con el Voluntariado? Constituir grupo cristiano integrado por personas comprometidas, que ofrecen un servicio con acciones altruistas, humanitarias y solidarias, como respuesta a testimoniar la esperanza, la caridad y el amor [&hellip;]","og_url":"https:\/\/chebspanama.org\/inicio\/voluntariado\/","article_modified_time":"2025-05-23T15:59:04+00:00","twitter_card":"summary_large_image","twitter_misc":{"Tiempo de lectura":"2 minutos"},"schema":{"@context":"https:\/\/schema.org","@graph":[{"@type":"WebPage","@id":"https:\/\/chebspanama.org\/inicio\/voluntariado\/","url":"https:\/\/chebspanama.org\/inicio\/voluntariado\/","name":"Voluntariado -","isPartOf":{"@id":"https:\/\/chebspanama.org\/inicio\/#website"},"datePublished":"2025-05-14T21:14:07+00:00","dateModified":"2025-05-23T15:59:04+00:00","breadcrumb":{"@id":"https:\/\/chebspanama.org\/inicio\/voluntariado\/#breadcrumb"},"inLanguage":"es","potentialAction":[{"@type":"ReadAction","target":["https:\/\/chebspanama.org\/inicio\/voluntariado\/"]}]},{"@type":"BreadcrumbList","@id":"https:\/\/chebspanama.org\/inicio\/voluntariado\/#breadcrumb","itemListElement":[{"@type":"ListItem","position":1,"name":"Portada","item":"https:\/\/chebspanama.org\/inicio\/"},{"@type":"ListItem","position":2,"name":"Voluntariado"}]},{"@type":"WebSite","@id":"https:\/\/chebspanama.org\/inicio\/#website","url":"https:\/\/chebspanama.org\/inicio\/","name":"","description":"","potentialAction":[{"@type":"SearchAction","target":{"@type":"EntryPoint","urlTemplate":"https:\/\/chebspanama.org\/inicio\/?s={search_term_string}"},"query-input":{"@type":"PropertyValueSpecification","valueRequired":true,"valueName":"search_term_string"}}],"inLanguage":"es"}]}},"_links":{"self":[{"href":"https:\/\/chebspanama.org\/inicio\/wp-json\/wp\/v2\/pages\/751","targetHints":{"allow":["GET"]}}],"collection":[{"href":"https:\/\/chebspanama.org\/inicio\/wp-json\/wp\/v2\/pages"}],"about":[{"href":"https:\/\/chebspanama.org\/inicio\/wp-json\/wp\/v2\/types\/page"}],"author":[{"embeddable":true,"href":"https:\/\/chebspanama.org\/inicio\/wp-json\/wp\/v2\/users\/1"}],"replies":[{"embeddable":true,"href":"https:\/\/chebspanama.org\/inicio\/wp-json\/wp\/v2\/comments?post=751"}],"version-history":[{"count":109,"href":"https:\/\/chebspanama.org\/inicio\/wp-json\/wp\/v2\/pages\/751\/revisions"}],"predecessor-version":[{"id":1422,"href":"https:\/\/chebspanama.org\/inicio\/wp-json\/wp\/v2\/pages\/751\/revisions\/1422"}],"wp:attachment":[{"href":"https:\/\/chebspanama.org\/inicio\/wp-json\/wp\/v2\/media?parent=751"}],"curies":[{"name":"wp","href":"https:\/\/api.w.org\/{rel}","templated":true}]}}