{"id":736,"date":"2025-05-14T14:28:46","date_gmt":"2025-05-14T19:28:46","guid":{"rendered":"https:\/\/chebspanama.org\/inicio\/?page_id=736"},"modified":"2025-05-14T14:37:01","modified_gmt":"2025-05-14T19:37:01","slug":"departamento-de-donaciones","status":"publish","type":"page","link":"https:\/\/chebspanama.org\/inicio\/departamento-de-donaciones\/","title":{"rendered":"Departamento de Donaciones"},"content":{"rendered":"\t\t<div data-elementor-type=\"wp-page\" data-elementor-id=\"736\" class=\"elementor elementor-736\" data-elementor-post-type=\"page\">\n\t\t\t\t<div class=\"elementor-element elementor-element-c1ac1eb e-flex e-con-boxed e-con e-parent\" data-id=\"c1ac1eb\" data-element_type=\"container\" data-e-type=\"container\" data-settings=\"{&quot;background_background&quot;:&quot;classic&quot;}\">\n\t\t\t\t\t<div class=\"e-con-inner\">\n\t\t<div class=\"elementor-element elementor-element-f717b42 e-con-full e-flex e-con e-child\" data-id=\"f717b42\" data-element_type=\"container\" data-e-type=\"container\" data-settings=\"{&quot;background_background&quot;:&quot;classic&quot;}\">\n\t\t\t\t<div class=\"elementor-element elementor-element-99431f5 elementor-widget elementor-widget-heading\" data-id=\"99431f5\" data-element_type=\"widget\" data-e-type=\"widget\" data-widget_type=\"heading.default\">\n\t\t\t\t<div class=\"elementor-widget-container\">\n\t\t\t\t\t<h2 class=\"elementor-heading-title elementor-size-default\">Departamento de Donaciones<\/h2>\t\t\t\t<\/div>\n\t\t\t\t<\/div>\n\t\t\t\t<\/div>\n\t\t\t\t\t<\/div>\n\t\t\t\t<\/div>\n\t\t<div class=\"elementor-element elementor-element-b612453 e-flex e-con-boxed e-con e-parent\" data-id=\"b612453\" data-element_type=\"container\" data-e-type=\"container\">\n\t\t\t\t\t<div class=\"e-con-inner\">\n\t\t<div class=\"elementor-element elementor-element-a7c20ca e-con-full e-flex e-con e-child\" data-id=\"a7c20ca\" data-element_type=\"container\" data-e-type=\"container\" data-settings=\"{&quot;background_background&quot;:&quot;classic&quot;}\">\n\t\t\t\t<div class=\"elementor-element elementor-element-c2dc36b elementor-widget elementor-widget-text-editor\" data-id=\"c2dc36b\" data-element_type=\"widget\" data-e-type=\"widget\" data-widget_type=\"text-editor.default\">\n\t\t\t\t<div class=\"elementor-widget-container\">\n\t\t\t\t\t\t\t\t\t<div class=\"fl-col-group fl-node-5e5ff9dfe19a7\" data-node=\"5e5ff9dfe19a7\"><div class=\"fl-col fl-node-5e5ff9dfe196b\" data-node=\"5e5ff9dfe196b\"><div class=\"fl-col-content fl-node-content\"><div class=\"fl-module fl-module-rich-text fl-node-5e5ffde94bb45\" data-node=\"5e5ffde94bb45\"><div class=\"fl-module-content fl-node-content\"><div class=\"fl-rich-text\"><div class=\"page\" title=\"Page 25\"><div class=\"section\"><div class=\"layoutArea\"><div class=\"column\"><p>A pesar de los esfuerzos realizados desde la aparicio\u0301n del SIDA, los fondos que se han destinado para dar respuesta han sido insuficientes y cada di\u0301a que pasa lamentablemente se incrementa el nu\u0301mero de personas infectadas, por tal es necesario que organizaciones como CHEBS se una para aportar su granito de arena en la respuesta a esta situacio\u0301n que afecta a todos.<\/p><p>Recordando que es una entidad sin fines de lucro requiere la colaboracio\u0301n y apoyo de los recursos necesarios para continuar con la obra.<\/p><\/div><\/div><\/div><\/div><\/div><\/div><\/div><\/div><\/div><\/div>\t\t\t\t\t\t\t\t<\/div>\n\t\t\t\t<\/div>\n\t\t\t\t<div class=\"elementor-element elementor-element-fb827d9 elementor-widget elementor-widget-heading\" data-id=\"fb827d9\" data-element_type=\"widget\" data-e-type=\"widget\" data-widget_type=\"heading.default\">\n\t\t\t\t<div class=\"elementor-widget-container\">\n\t\t\t\t\t<h2 class=\"elementor-heading-title elementor-size-default\">Objetivo<\/h2>\t\t\t\t<\/div>\n\t\t\t\t<\/div>\n\t\t\t\t<\/div>\n\t\t\t\t\t<\/div>\n\t\t\t\t<\/div>\n\t\t<div class=\"elementor-element elementor-element-2157aa4 e-flex e-con-boxed e-con e-parent\" data-id=\"2157aa4\" data-element_type=\"container\" data-e-type=\"container\">\n\t\t\t\t\t<div class=\"e-con-inner\">\n\t\t<div class=\"elementor-element elementor-element-1ffff99 e-con-full e-flex e-con e-child\" data-id=\"1ffff99\" data-element_type=\"container\" data-e-type=\"container\" data-settings=\"{&quot;background_background&quot;:&quot;classic&quot;}\">\n\t\t\t\t<div class=\"elementor-element elementor-element-0d96246 elementor-widget elementor-widget-text-editor\" data-id=\"0d96246\" data-element_type=\"widget\" data-e-type=\"widget\" data-widget_type=\"text-editor.default\">\n\t\t\t\t<div class=\"elementor-widget-container\">\n\t\t\t\t\t\t\t\t\t<div class=\"fl-module fl-module-rich-text fl-node-5e5ffec03ff2b\" data-node=\"5e5ffec03ff2b\"><div class=\"fl-module-content fl-node-content\"><div class=\"fl-rich-text\"><div class=\"page\" title=\"Page 25\"><div class=\"section\"><div class=\"layoutArea\"><div class=\"column\"><p>Recaudar los recursos necesarios para la realizacio\u0301n de las acciones que se ejecutan en la Fundacio\u0301n Casa Hogar El Buen Samaritano que permitan contribuir a la atencio\u0301n integral y mitigacio\u0301n en las personas afectadas por el VIH\/SIDA.<\/p><p>Para ello se realizan las siguientes acciones:<\/p><ul><li>Se establece convenio, acuerdos o compromisos con empresas o personas particulares, que les gustari\u0301a realizar su aporte econo\u0301mico o material, lo cual le podri\u0301a servir como deducibles del impuesto sobre la renta (Resolucio\u0301n n\u00b0 8, art. 71-658 del 12 de febrero de 1970).<\/li><li>Se ofrecen capacitacio\u0301n en Prevencio\u0301n en VIH\/SIDA, a cambio de una donacio\u0301n de empresas, centros educativos, iglesias, grupos organizados de la comunidad.<\/li><li>Solicitud de financiamiento para la ejecucio\u0301n de los diferentes programas a instituciones, organismos gubernamentales y no gubernamentales nacionales e internacionales.<\/li><li>Distribucio\u0301n de libretas de aportes mensuales.<\/li><li>Promocionar en las donaciones en efectivo a la cuenta de Banco.<\/li><\/ul><\/div><\/div><\/div><\/div><div class=\"page\" title=\"Page 26\"><div class=\"section\"><div class=\"layoutArea\"><div class=\"column\">\u00a0<\/div><\/div><\/div><\/div><\/div><\/div><\/div><div class=\"fl-col-group fl-node-5e6000249e939 fl-col-group-nested\" data-node=\"5e6000249e939\"><div class=\"fl-col fl-node-5e6000249eb3a\" data-node=\"5e6000249eb3a\"><div class=\"fl-col-content fl-node-content\"><div class=\"fl-module fl-module-rich-text fl-node-5e60002e8b6f0\" data-node=\"5e60002e8b6f0\"><div class=\"fl-module-content fl-node-content\"><div class=\"fl-rich-text\"><p>Dentro del Departamento de Donaciones se maneja el\u00a0<a href=\"https:\/\/www.chebspanama.org\/inicio\/voluntariado\/\">Programa de Voluntariado.<\/a><\/p><p>Si desea Saber m\u00e1s acerca de c\u00f3mo donar, haga click en\u00a0<a href=\"https:\/\/www.chebspanama.org\/inicio\/el-proyecto\/donaciones\/\">Donaciones.<\/a><\/p><\/div><\/div><\/div><\/div><\/div><\/div>\t\t\t\t\t\t\t\t<\/div>\n\t\t\t\t<\/div>\n\t\t\t\t<\/div>\n\t\t\t\t\t<\/div>\n\t\t\t\t<\/div>\n\t\t<div class=\"elementor-element elementor-element-dca84e8 e-flex e-con-boxed e-con e-parent\" data-id=\"dca84e8\" data-element_type=\"container\" data-e-type=\"container\">\n\t\t\t\t\t<div class=\"e-con-inner\">\n\t\t<div class=\"elementor-element elementor-element-8330754 e-con-full e-flex e-con e-child\" data-id=\"8330754\" data-element_type=\"container\" data-e-type=\"container\" data-settings=\"{&quot;background_background&quot;:&quot;classic&quot;}\">\n\t\t\t\t<div class=\"elementor-element elementor-element-38921fa elementor-widget elementor-widget-theme-site-logo elementor-widget-image\" data-id=\"38921fa\" data-element_type=\"widget\" data-e-type=\"widget\" data-widget_type=\"theme-site-logo.default\">\n\t\t\t\t<div class=\"elementor-widget-container\">\n\t\t\t\t\t\t\t\t\t\t\t<a href=\"https:\/\/chebspanama.org\/inicio\">\n\t\t\t<img decoding=\"async\" width=\"400\" height=\"100\" src=\"https:\/\/chebspanama.org\/inicio\/wp-content\/uploads\/2025\/05\/logo.png\" class=\"attachment-full size-full wp-image-58\" alt=\"\" srcset=\"https:\/\/chebspanama.org\/inicio\/wp-content\/uploads\/2025\/05\/logo.png 400w, https:\/\/chebspanama.org\/inicio\/wp-content\/uploads\/2025\/05\/logo-300x75.png 300w\" sizes=\"(max-width: 400px) 100vw, 400px\" \/>\t\t\t\t<\/a>\n\t\t\t\t\t\t\t\t\t\t\t<\/div>\n\t\t\t\t<\/div>\n\t\t\t\t<\/div>\n\t\t<div class=\"elementor-element elementor-element-67c6b48 e-con-full e-flex e-con e-child\" data-id=\"67c6b48\" data-element_type=\"container\" data-e-type=\"container\" data-settings=\"{&quot;background_background&quot;:&quot;classic&quot;}\">\n\t\t\t\t<div class=\"elementor-element elementor-element-1b614e5 elementor-widget elementor-widget-text-editor\" data-id=\"1b614e5\" data-element_type=\"widget\" data-e-type=\"widget\" data-widget_type=\"text-editor.default\">\n\t\t\t\t<div class=\"elementor-widget-container\">\n\t\t\t\t\t\t\t\t\t<p>Juan D\u00edaz, calle 4ta, transversal tercera (Bajando por la iglesia El Carmen),\u00a0Panam\u00e1, Rep\u00fablica de Panam\u00e1<\/p><p>N\u00famero de Tel\u00e9fono: 220-5815<\/p><p>E-Mail:\u00a0chebs_@hotmail.com<\/p>\t\t\t\t\t\t\t\t<\/div>\n\t\t\t\t<\/div>\n\t\t\t\t<\/div>\n\t\t\t\t\t<\/div>\n\t\t\t\t<\/div>\n\t\t\t\t<\/div>\n\t\t","protected":false},"excerpt":{"rendered":"<p>Departamento de Donaciones A pesar de los esfuerzos realizados desde la aparicio\u0301n del SIDA, los fondos que se han destinado para dar respuesta han sido insuficientes y cada di\u0301a que pasa lamentablemente se incrementa el nu\u0301mero de personas infectadas, por tal es necesario que organizaciones como CHEBS se una para aportar su granito de arena [&hellip;]<\/p>\n","protected":false},"author":1,"featured_media":0,"parent":0,"menu_order":0,"comment_status":"closed","ping_status":"closed","template":"elementor_header_footer","meta":{"footnotes":""},"class_list":["post-736","page","type-page","status-publish","hentry","entry"],"yoast_head":"<!-- This site is optimized with the Yoast SEO plugin v27.2 - https:\/\/yoast.com\/product\/yoast-seo-wordpress\/ -->\n<title>Departamento de Donaciones -<\/title>\n<meta name=\"robots\" content=\"index, follow, max-snippet:-1, max-image-preview:large, max-video-preview:-1\" \/>\n<link rel=\"canonical\" href=\"https:\/\/chebspanama.org\/inicio\/departamento-de-donaciones\/\" \/>\n<meta property=\"og:locale\" content=\"es_ES\" \/>\n<meta property=\"og:type\" content=\"article\" \/>\n<meta property=\"og:title\" content=\"Departamento de Donaciones -\" \/>\n<meta property=\"og:description\" content=\"Departamento de Donaciones A pesar de los esfuerzos realizados desde la aparicio\u0301n del SIDA, los fondos que se han destinado para dar respuesta han sido insuficientes y cada di\u0301a que pasa lamentablemente se incrementa el nu\u0301mero de personas infectadas, por tal es necesario que organizaciones como CHEBS se una para aportar su granito de arena [&hellip;]\" \/>\n<meta property=\"og:url\" content=\"https:\/\/chebspanama.org\/inicio\/departamento-de-donaciones\/\" \/>\n<meta property=\"article:modified_time\" content=\"2025-05-14T19:37:01+00:00\" \/>\n<meta name=\"twitter:card\" content=\"summary_large_image\" \/>\n<meta name=\"twitter:label1\" content=\"Tiempo de lectura\" \/>\n\t<meta name=\"twitter:data1\" content=\"2 minutos\" \/>\n<script type=\"application\/ld+json\" class=\"yoast-schema-graph\">{\"@context\":\"https:\/\/schema.org\",\"@graph\":[{\"@type\":\"WebPage\",\"@id\":\"https:\/\/chebspanama.org\/inicio\/departamento-de-donaciones\/\",\"url\":\"https:\/\/chebspanama.org\/inicio\/departamento-de-donaciones\/\",\"name\":\"Departamento de Donaciones -\",\"isPartOf\":{\"@id\":\"https:\/\/chebspanama.org\/inicio\/#website\"},\"datePublished\":\"2025-05-14T19:28:46+00:00\",\"dateModified\":\"2025-05-14T19:37:01+00:00\",\"breadcrumb\":{\"@id\":\"https:\/\/chebspanama.org\/inicio\/departamento-de-donaciones\/#breadcrumb\"},\"inLanguage\":\"es\",\"potentialAction\":[{\"@type\":\"ReadAction\",\"target\":[\"https:\/\/chebspanama.org\/inicio\/departamento-de-donaciones\/\"]}]},{\"@type\":\"BreadcrumbList\",\"@id\":\"https:\/\/chebspanama.org\/inicio\/departamento-de-donaciones\/#breadcrumb\",\"itemListElement\":[{\"@type\":\"ListItem\",\"position\":1,\"name\":\"Portada\",\"item\":\"https:\/\/chebspanama.org\/inicio\/\"},{\"@type\":\"ListItem\",\"position\":2,\"name\":\"Departamento de Donaciones\"}]},{\"@type\":\"WebSite\",\"@id\":\"https:\/\/chebspanama.org\/inicio\/#website\",\"url\":\"https:\/\/chebspanama.org\/inicio\/\",\"name\":\"\",\"description\":\"\",\"potentialAction\":[{\"@type\":\"SearchAction\",\"target\":{\"@type\":\"EntryPoint\",\"urlTemplate\":\"https:\/\/chebspanama.org\/inicio\/?s={search_term_string}\"},\"query-input\":{\"@type\":\"PropertyValueSpecification\",\"valueRequired\":true,\"valueName\":\"search_term_string\"}}],\"inLanguage\":\"es\"}]}<\/script>\n<!-- \/ Yoast SEO plugin. -->","yoast_head_json":{"title":"Departamento de Donaciones -","robots":{"index":"index","follow":"follow","max-snippet":"max-snippet:-1","max-image-preview":"max-image-preview:large","max-video-preview":"max-video-preview:-1"},"canonical":"https:\/\/chebspanama.org\/inicio\/departamento-de-donaciones\/","og_locale":"es_ES","og_type":"article","og_title":"Departamento de Donaciones -","og_description":"Departamento de Donaciones A pesar de los esfuerzos realizados desde la aparicio\u0301n del SIDA, los fondos que se han destinado para dar respuesta han sido insuficientes y cada di\u0301a que pasa lamentablemente se incrementa el nu\u0301mero de personas infectadas, por tal es necesario que organizaciones como CHEBS se una para aportar su granito de arena [&hellip;]","og_url":"https:\/\/chebspanama.org\/inicio\/departamento-de-donaciones\/","article_modified_time":"2025-05-14T19:37:01+00:00","twitter_card":"summary_large_image","twitter_misc":{"Tiempo de lectura":"2 minutos"},"schema":{"@context":"https:\/\/schema.org","@graph":[{"@type":"WebPage","@id":"https:\/\/chebspanama.org\/inicio\/departamento-de-donaciones\/","url":"https:\/\/chebspanama.org\/inicio\/departamento-de-donaciones\/","name":"Departamento de Donaciones -","isPartOf":{"@id":"https:\/\/chebspanama.org\/inicio\/#website"},"datePublished":"2025-05-14T19:28:46+00:00","dateModified":"2025-05-14T19:37:01+00:00","breadcrumb":{"@id":"https:\/\/chebspanama.org\/inicio\/departamento-de-donaciones\/#breadcrumb"},"inLanguage":"es","potentialAction":[{"@type":"ReadAction","target":["https:\/\/chebspanama.org\/inicio\/departamento-de-donaciones\/"]}]},{"@type":"BreadcrumbList","@id":"https:\/\/chebspanama.org\/inicio\/departamento-de-donaciones\/#breadcrumb","itemListElement":[{"@type":"ListItem","position":1,"name":"Portada","item":"https:\/\/chebspanama.org\/inicio\/"},{"@type":"ListItem","position":2,"name":"Departamento de Donaciones"}]},{"@type":"WebSite","@id":"https:\/\/chebspanama.org\/inicio\/#website","url":"https:\/\/chebspanama.org\/inicio\/","name":"","description":"","potentialAction":[{"@type":"SearchAction","target":{"@type":"EntryPoint","urlTemplate":"https:\/\/chebspanama.org\/inicio\/?s={search_term_string}"},"query-input":{"@type":"PropertyValueSpecification","valueRequired":true,"valueName":"search_term_string"}}],"inLanguage":"es"}]}},"_links":{"self":[{"href":"https:\/\/chebspanama.org\/inicio\/wp-json\/wp\/v2\/pages\/736","targetHints":{"allow":["GET"]}}],"collection":[{"href":"https:\/\/chebspanama.org\/inicio\/wp-json\/wp\/v2\/pages"}],"about":[{"href":"https:\/\/chebspanama.org\/inicio\/wp-json\/wp\/v2\/types\/page"}],"author":[{"embeddable":true,"href":"https:\/\/chebspanama.org\/inicio\/wp-json\/wp\/v2\/users\/1"}],"replies":[{"embeddable":true,"href":"https:\/\/chebspanama.org\/inicio\/wp-json\/wp\/v2\/comments?post=736"}],"version-history":[{"count":13,"href":"https:\/\/chebspanama.org\/inicio\/wp-json\/wp\/v2\/pages\/736\/revisions"}],"predecessor-version":[{"id":750,"href":"https:\/\/chebspanama.org\/inicio\/wp-json\/wp\/v2\/pages\/736\/revisions\/750"}],"wp:attachment":[{"href":"https:\/\/chebspanama.org\/inicio\/wp-json\/wp\/v2\/media?parent=736"}],"curies":[{"name":"wp","href":"https:\/\/api.w.org\/{rel}","templated":true}]}}