{"id":701,"date":"2025-05-14T13:45:54","date_gmt":"2025-05-14T18:45:54","guid":{"rendered":"https:\/\/chebspanama.org\/inicio\/?page_id=701"},"modified":"2025-05-14T14:26:18","modified_gmt":"2025-05-14T19:26:18","slug":"programa-de-conversion-personal","status":"publish","type":"page","link":"https:\/\/chebspanama.org\/inicio\/programa-de-conversion-personal\/","title":{"rendered":"Programa de Conversi\u00f3n Personal"},"content":{"rendered":"\t\t<div data-elementor-type=\"wp-page\" data-elementor-id=\"701\" class=\"elementor elementor-701\" data-elementor-post-type=\"page\">\n\t\t\t\t<div class=\"elementor-element elementor-element-fbe3a63 e-flex e-con-boxed e-con e-parent\" data-id=\"fbe3a63\" data-element_type=\"container\" data-e-type=\"container\" data-settings=\"{&quot;background_background&quot;:&quot;classic&quot;}\">\n\t\t\t\t\t<div class=\"e-con-inner\">\n\t\t<div class=\"elementor-element elementor-element-dbdcee9 e-con-full e-flex e-con e-child\" data-id=\"dbdcee9\" data-element_type=\"container\" data-e-type=\"container\" data-settings=\"{&quot;background_background&quot;:&quot;classic&quot;}\">\n\t\t\t\t<div class=\"elementor-element elementor-element-8b1c28f elementor-widget elementor-widget-heading\" data-id=\"8b1c28f\" data-element_type=\"widget\" data-e-type=\"widget\" data-widget_type=\"heading.default\">\n\t\t\t\t<div class=\"elementor-widget-container\">\n\t\t\t\t\t<h2 class=\"elementor-heading-title elementor-size-default\">Departamento de Bienestar Integral<\/h2>\t\t\t\t<\/div>\n\t\t\t\t<\/div>\n\t\t\t\t<\/div>\n\t\t<div class=\"elementor-element elementor-element-a56604a e-con-full e-flex e-con e-child\" data-id=\"a56604a\" data-element_type=\"container\" data-e-type=\"container\" data-settings=\"{&quot;background_background&quot;:&quot;classic&quot;}\">\n\t\t\t\t<div class=\"elementor-element elementor-element-7a1b46a elementor-widget elementor-widget-heading\" data-id=\"7a1b46a\" data-element_type=\"widget\" data-e-type=\"widget\" data-widget_type=\"heading.default\">\n\t\t\t\t<div class=\"elementor-widget-container\">\n\t\t\t\t\t<div class=\"elementor-heading-title elementor-size-default\">El Evangelio es la negaci\u00f3n a la pasividad ante el sufrimiento.<\/div>\t\t\t\t<\/div>\n\t\t\t\t<\/div>\n\t\t\t\t<\/div>\n\t\t\t\t\t<\/div>\n\t\t\t\t<\/div>\n\t\t<div class=\"elementor-element elementor-element-b612453 e-flex e-con-boxed e-con e-parent\" data-id=\"b612453\" data-element_type=\"container\" data-e-type=\"container\">\n\t\t\t\t\t<div class=\"e-con-inner\">\n\t\t<div class=\"elementor-element elementor-element-a7c20ca e-con-full e-flex e-con e-child\" data-id=\"a7c20ca\" data-element_type=\"container\" data-e-type=\"container\" data-settings=\"{&quot;background_background&quot;:&quot;classic&quot;}\">\n\t\t\t\t<div class=\"elementor-element elementor-element-c2dc36b elementor-widget elementor-widget-text-editor\" data-id=\"c2dc36b\" data-element_type=\"widget\" data-e-type=\"widget\" data-widget_type=\"text-editor.default\">\n\t\t\t\t<div class=\"elementor-widget-container\">\n\t\t\t\t\t\t\t\t\t<p>Para vivir dignamente el proceso de su enfermedad, cada persona que ingrese a CHEBS, recibira\u0301 ayuda y el apoyo de un equipo que le acompan\u0303ara en la bu\u0301squeda de un estilo de presencia nueva: una presencia inspirada y dinamizada por amor; una presencia que sabe adaptarse a cada persona, respeta\u0301ndola profundamente en su historia, sus creencias, su estilo de vida, su preferencia sexual; una presencia que le ayuda a echar mano de sus recursos curativos, a liberarse de todo aquello que le angustia y hacer sufrir; una presencia que sea capaz de reavivar en e\u0301l las ganas de vivir y le permita encontrar el \u201csentido\u201d a cuanto le pasa, a convivir con el VIH\/Sida, asumirlo serena y cristianamente.<\/p><p>Poniendo en pra\u0301ctica lo dice Viktor Frank, la sanacio\u0301n se produce mediante el hallazgo de sentido. La bu\u0301squeda seria de sentido, la voluntad de dar con el sentido, mantienen al hombre en el camino que conduce a una salud aute\u0301nticamente humana. Acompan\u0303ar al que sufre en su camino para encontrar sentido al dolor, es una de las maneras de ayudarle a vivirlo sanamente.<\/p><p>El primer apoyo a la persona que vive con VIH es luchar con e\u0301l contra el dolor, quitarlo si es posible, o al menos aliviarlo y mitigarlo. Entra dentro del plan providencial de Dios el que el hombre luche ardientemente contra cualquier enfermedad y busque soli\u0301citamente la salud para seguir desempen\u0303ando sus funciones en la sociedad y en la Iglesia.<\/p>\t\t\t\t\t\t\t\t<\/div>\n\t\t\t\t<\/div>\n\t\t\t\t<\/div>\n\t\t\t\t\t<\/div>\n\t\t\t\t<\/div>\n\t\t<div class=\"elementor-element elementor-element-03e79f3 e-flex e-con-boxed e-con e-parent\" data-id=\"03e79f3\" data-element_type=\"container\" data-e-type=\"container\">\n\t\t\t\t\t<div class=\"e-con-inner\">\n\t\t<div class=\"elementor-element elementor-element-9cc3cd8 e-con-full e-flex e-con e-child\" data-id=\"9cc3cd8\" data-element_type=\"container\" data-e-type=\"container\" data-settings=\"{&quot;background_background&quot;:&quot;classic&quot;}\">\n\t\t\t\t<div class=\"elementor-element elementor-element-448407b elementor-invisible elementor-widget elementor-widget-heading\" data-id=\"448407b\" data-element_type=\"widget\" data-e-type=\"widget\" data-settings=\"{&quot;_animation&quot;:&quot;fadeIn&quot;}\" data-widget_type=\"heading.default\">\n\t\t\t\t<div class=\"elementor-widget-container\">\n\t\t\t\t\t<h3 class=\"elementor-heading-title elementor-size-default\"><a href=\"#\">Acompa\u00f1amiento Espiritual<\/a><\/h3>\t\t\t\t<\/div>\n\t\t\t\t<\/div>\n\t\t\t\t<div class=\"elementor-element elementor-element-981a179 elementor-widget elementor-widget-text-editor\" data-id=\"981a179\" data-element_type=\"widget\" data-e-type=\"widget\" data-widget_type=\"text-editor.default\">\n\t\t\t\t<div class=\"elementor-widget-container\">\n\t\t\t\t\t\t\t\t\t<p>El modelo de Acompa\u00f1amiento Espiritual busca hacer \u00e9nfasis en la espiritualidad y en que la persona pueda reconstruir su historia personal al hacer paces con su pasado.<\/p>\t\t\t\t\t\t\t\t<\/div>\n\t\t\t\t<\/div>\n\t\t\t\t<div class=\"elementor-element elementor-element-61cad38 elementor-invisible elementor-widget elementor-widget-heading\" data-id=\"61cad38\" data-element_type=\"widget\" data-e-type=\"widget\" data-settings=\"{&quot;_animation&quot;:&quot;fadeIn&quot;}\" data-widget_type=\"heading.default\">\n\t\t\t\t<div class=\"elementor-widget-container\">\n\t\t\t\t\t<h3 class=\"elementor-heading-title elementor-size-default\"><a href=\"#\">Acompa\u00f1amiento M\u00e9dico<\/a><\/h3>\t\t\t\t<\/div>\n\t\t\t\t<\/div>\n\t\t\t\t<div class=\"elementor-element elementor-element-ca7b0db elementor-widget elementor-widget-text-editor\" data-id=\"ca7b0db\" data-element_type=\"widget\" data-e-type=\"widget\" data-widget_type=\"text-editor.default\">\n\t\t\t\t<div class=\"elementor-widget-container\">\n\t\t\t\t\t\t\t\t\t<p>Busca brindar una adecuada respuesta terap\u00e9utica a los problemas de salud que padecen los pacientes, a trav\u00e9s de actividades y h\u00e1bitos saludables, actividades preventivas ante diversas patolog\u00edas, y medios de rehabilitaci\u00f3n.<\/p>\t\t\t\t\t\t\t\t<\/div>\n\t\t\t\t<\/div>\n\t\t\t\t<div class=\"elementor-element elementor-element-b541481 elementor-invisible elementor-widget elementor-widget-heading\" data-id=\"b541481\" data-element_type=\"widget\" data-e-type=\"widget\" data-settings=\"{&quot;_animation&quot;:&quot;fadeIn&quot;}\" data-widget_type=\"heading.default\">\n\t\t\t\t<div class=\"elementor-widget-container\">\n\t\t\t\t\t<h3 class=\"elementor-heading-title elementor-size-default\"><a href=\"#\">Acompa\u00f1amiento Emocional<\/a><\/h3>\t\t\t\t<\/div>\n\t\t\t\t<\/div>\n\t\t\t\t<div class=\"elementor-element elementor-element-1aaeef5 elementor-widget elementor-widget-text-editor\" data-id=\"1aaeef5\" data-element_type=\"widget\" data-e-type=\"widget\" data-widget_type=\"text-editor.default\">\n\t\t\t\t<div class=\"elementor-widget-container\">\n\t\t\t\t\t\t\t\t\t<p>Buscamos colaborar con las personas con VIH\/SIDA, para que aprendan a enfrentar su situacio\u0301n de salud y los cambios de estilo de vida que se requieren.<\/p>\t\t\t\t\t\t\t\t<\/div>\n\t\t\t\t<\/div>\n\t\t\t\t<div class=\"elementor-element elementor-element-821bf40 elementor-invisible elementor-widget elementor-widget-heading\" data-id=\"821bf40\" data-element_type=\"widget\" data-e-type=\"widget\" data-settings=\"{&quot;_animation&quot;:&quot;fadeIn&quot;}\" data-widget_type=\"heading.default\">\n\t\t\t\t<div class=\"elementor-widget-container\">\n\t\t\t\t\t<h3 class=\"elementor-heading-title elementor-size-default\"><a href=\"#\">Acompa\u00f1amiento Social<\/a><\/h3>\t\t\t\t<\/div>\n\t\t\t\t<\/div>\n\t\t\t\t<div class=\"elementor-element elementor-element-e654336 elementor-widget elementor-widget-text-editor\" data-id=\"e654336\" data-element_type=\"widget\" data-e-type=\"widget\" data-widget_type=\"text-editor.default\">\n\t\t\t\t<div class=\"elementor-widget-container\">\n\t\t\t\t\t\t\t\t\t<p>En este servicio se ofrece una escucha comprensiva y a la vez una disponibilidad tal que favorece la intimidad y la sinceridad de la persona que vive con VIH\/SIDA.<\/p>\t\t\t\t\t\t\t\t<\/div>\n\t\t\t\t<\/div>\n\t\t\t\t<div class=\"elementor-element elementor-element-b6df6a7 elementor-invisible elementor-widget elementor-widget-heading\" data-id=\"b6df6a7\" data-element_type=\"widget\" data-e-type=\"widget\" data-settings=\"{&quot;_animation&quot;:&quot;fadeIn&quot;}\" data-widget_type=\"heading.default\">\n\t\t\t\t<div class=\"elementor-widget-container\">\n\t\t\t\t\t<h3 class=\"elementor-heading-title elementor-size-default\"><a href=\"#\">Casa Hogar<\/a><\/h3>\t\t\t\t<\/div>\n\t\t\t\t<\/div>\n\t\t\t\t<div class=\"elementor-element elementor-element-7954fc4 elementor-widget elementor-widget-text-editor\" data-id=\"7954fc4\" data-element_type=\"widget\" data-e-type=\"widget\" data-widget_type=\"text-editor.default\">\n\t\t\t\t<div class=\"elementor-widget-container\">\n\t\t\t\t\t\t\t\t\t<p>Este servicio tiene la finalidad de prestar asistencia y respeto a las personas que viven con VIH\/SIDA, practi- cando la hospitalidad y mostrando el amor misericordioso de Dios para con los con todos sus hijos.<\/p>\t\t\t\t\t\t\t\t<\/div>\n\t\t\t\t<\/div>\n\t\t\t\t<\/div>\n\t\t\t\t\t<\/div>\n\t\t\t\t<\/div>\n\t\t<div class=\"elementor-element elementor-element-dca84e8 e-flex e-con-boxed e-con e-parent\" data-id=\"dca84e8\" data-element_type=\"container\" data-e-type=\"container\">\n\t\t\t\t\t<div class=\"e-con-inner\">\n\t\t<div class=\"elementor-element elementor-element-8330754 e-con-full e-flex e-con e-child\" data-id=\"8330754\" data-element_type=\"container\" data-e-type=\"container\" data-settings=\"{&quot;background_background&quot;:&quot;classic&quot;}\">\n\t\t\t\t<div class=\"elementor-element elementor-element-38921fa elementor-widget elementor-widget-theme-site-logo elementor-widget-image\" data-id=\"38921fa\" data-element_type=\"widget\" data-e-type=\"widget\" data-widget_type=\"theme-site-logo.default\">\n\t\t\t\t<div class=\"elementor-widget-container\">\n\t\t\t\t\t\t\t\t\t\t\t<a href=\"https:\/\/chebspanama.org\/inicio\">\n\t\t\t<img decoding=\"async\" width=\"400\" height=\"100\" src=\"https:\/\/chebspanama.org\/inicio\/wp-content\/uploads\/2025\/05\/logo.png\" class=\"attachment-full size-full wp-image-58\" alt=\"\" srcset=\"https:\/\/chebspanama.org\/inicio\/wp-content\/uploads\/2025\/05\/logo.png 400w, https:\/\/chebspanama.org\/inicio\/wp-content\/uploads\/2025\/05\/logo-300x75.png 300w\" sizes=\"(max-width: 400px) 100vw, 400px\" \/>\t\t\t\t<\/a>\n\t\t\t\t\t\t\t\t\t\t\t<\/div>\n\t\t\t\t<\/div>\n\t\t\t\t<\/div>\n\t\t<div class=\"elementor-element elementor-element-67c6b48 e-con-full e-flex e-con e-child\" data-id=\"67c6b48\" data-element_type=\"container\" data-e-type=\"container\" data-settings=\"{&quot;background_background&quot;:&quot;classic&quot;}\">\n\t\t\t\t<div class=\"elementor-element elementor-element-1b614e5 elementor-widget elementor-widget-text-editor\" data-id=\"1b614e5\" data-element_type=\"widget\" data-e-type=\"widget\" data-widget_type=\"text-editor.default\">\n\t\t\t\t<div class=\"elementor-widget-container\">\n\t\t\t\t\t\t\t\t\t<p>Juan D\u00edaz, calle 4ta, transversal tercera (Bajando por la iglesia El Carmen),\u00a0Panam\u00e1, Rep\u00fablica de Panam\u00e1<\/p><p>N\u00famero de Tel\u00e9fono: 220-5815<\/p><p>E-Mail:\u00a0chebs_@hotmail.com<\/p>\t\t\t\t\t\t\t\t<\/div>\n\t\t\t\t<\/div>\n\t\t\t\t<\/div>\n\t\t\t\t\t<\/div>\n\t\t\t\t<\/div>\n\t\t\t\t<\/div>\n\t\t","protected":false},"excerpt":{"rendered":"<p>Departamento de Bienestar Integral El Evangelio es la negaci\u00f3n a la pasividad ante el sufrimiento. Para vivir dignamente el proceso de su enfermedad, cada persona que ingrese a CHEBS, recibira\u0301 ayuda y el apoyo de un equipo que le acompan\u0303ara en la bu\u0301squeda de un estilo de presencia nueva: una presencia inspirada y dinamizada por [&hellip;]<\/p>\n","protected":false},"author":1,"featured_media":0,"parent":0,"menu_order":0,"comment_status":"closed","ping_status":"closed","template":"elementor_header_footer","meta":{"footnotes":""},"class_list":["post-701","page","type-page","status-publish","hentry","entry"],"yoast_head":"<!-- This site is optimized with the Yoast SEO plugin v27.2 - https:\/\/yoast.com\/product\/yoast-seo-wordpress\/ -->\n<title>Programa de Conversi\u00f3n Personal -<\/title>\n<meta name=\"robots\" content=\"index, follow, max-snippet:-1, max-image-preview:large, max-video-preview:-1\" \/>\n<link rel=\"canonical\" href=\"https:\/\/chebspanama.org\/inicio\/programa-de-conversion-personal\/\" \/>\n<meta property=\"og:locale\" content=\"es_ES\" \/>\n<meta property=\"og:type\" content=\"article\" \/>\n<meta property=\"og:title\" content=\"Programa de Conversi\u00f3n Personal -\" \/>\n<meta property=\"og:description\" content=\"Departamento de Bienestar Integral El Evangelio es la negaci\u00f3n a la pasividad ante el sufrimiento. Para vivir dignamente el proceso de su enfermedad, cada persona que ingrese a CHEBS, recibira\u0301 ayuda y el apoyo de un equipo que le acompan\u0303ara en la bu\u0301squeda de un estilo de presencia nueva: una presencia inspirada y dinamizada por [&hellip;]\" \/>\n<meta property=\"og:url\" content=\"https:\/\/chebspanama.org\/inicio\/programa-de-conversion-personal\/\" \/>\n<meta property=\"article:modified_time\" content=\"2025-05-14T19:26:18+00:00\" \/>\n<meta name=\"twitter:card\" content=\"summary_large_image\" \/>\n<meta name=\"twitter:label1\" content=\"Tiempo de lectura\" \/>\n\t<meta name=\"twitter:data1\" content=\"2 minutos\" \/>\n<script type=\"application\/ld+json\" class=\"yoast-schema-graph\">{\"@context\":\"https:\/\/schema.org\",\"@graph\":[{\"@type\":\"WebPage\",\"@id\":\"https:\/\/chebspanama.org\/inicio\/programa-de-conversion-personal\/\",\"url\":\"https:\/\/chebspanama.org\/inicio\/programa-de-conversion-personal\/\",\"name\":\"Programa de Conversi\u00f3n Personal -\",\"isPartOf\":{\"@id\":\"https:\/\/chebspanama.org\/inicio\/#website\"},\"datePublished\":\"2025-05-14T18:45:54+00:00\",\"dateModified\":\"2025-05-14T19:26:18+00:00\",\"breadcrumb\":{\"@id\":\"https:\/\/chebspanama.org\/inicio\/programa-de-conversion-personal\/#breadcrumb\"},\"inLanguage\":\"es\",\"potentialAction\":[{\"@type\":\"ReadAction\",\"target\":[\"https:\/\/chebspanama.org\/inicio\/programa-de-conversion-personal\/\"]}]},{\"@type\":\"BreadcrumbList\",\"@id\":\"https:\/\/chebspanama.org\/inicio\/programa-de-conversion-personal\/#breadcrumb\",\"itemListElement\":[{\"@type\":\"ListItem\",\"position\":1,\"name\":\"Portada\",\"item\":\"https:\/\/chebspanama.org\/inicio\/\"},{\"@type\":\"ListItem\",\"position\":2,\"name\":\"Programa de Conversi\u00f3n Personal\"}]},{\"@type\":\"WebSite\",\"@id\":\"https:\/\/chebspanama.org\/inicio\/#website\",\"url\":\"https:\/\/chebspanama.org\/inicio\/\",\"name\":\"\",\"description\":\"\",\"potentialAction\":[{\"@type\":\"SearchAction\",\"target\":{\"@type\":\"EntryPoint\",\"urlTemplate\":\"https:\/\/chebspanama.org\/inicio\/?s={search_term_string}\"},\"query-input\":{\"@type\":\"PropertyValueSpecification\",\"valueRequired\":true,\"valueName\":\"search_term_string\"}}],\"inLanguage\":\"es\"}]}<\/script>\n<!-- \/ Yoast SEO plugin. -->","yoast_head_json":{"title":"Programa de Conversi\u00f3n Personal -","robots":{"index":"index","follow":"follow","max-snippet":"max-snippet:-1","max-image-preview":"max-image-preview:large","max-video-preview":"max-video-preview:-1"},"canonical":"https:\/\/chebspanama.org\/inicio\/programa-de-conversion-personal\/","og_locale":"es_ES","og_type":"article","og_title":"Programa de Conversi\u00f3n Personal -","og_description":"Departamento de Bienestar Integral El Evangelio es la negaci\u00f3n a la pasividad ante el sufrimiento. Para vivir dignamente el proceso de su enfermedad, cada persona que ingrese a CHEBS, recibira\u0301 ayuda y el apoyo de un equipo que le acompan\u0303ara en la bu\u0301squeda de un estilo de presencia nueva: una presencia inspirada y dinamizada por [&hellip;]","og_url":"https:\/\/chebspanama.org\/inicio\/programa-de-conversion-personal\/","article_modified_time":"2025-05-14T19:26:18+00:00","twitter_card":"summary_large_image","twitter_misc":{"Tiempo de lectura":"2 minutos"},"schema":{"@context":"https:\/\/schema.org","@graph":[{"@type":"WebPage","@id":"https:\/\/chebspanama.org\/inicio\/programa-de-conversion-personal\/","url":"https:\/\/chebspanama.org\/inicio\/programa-de-conversion-personal\/","name":"Programa de Conversi\u00f3n Personal -","isPartOf":{"@id":"https:\/\/chebspanama.org\/inicio\/#website"},"datePublished":"2025-05-14T18:45:54+00:00","dateModified":"2025-05-14T19:26:18+00:00","breadcrumb":{"@id":"https:\/\/chebspanama.org\/inicio\/programa-de-conversion-personal\/#breadcrumb"},"inLanguage":"es","potentialAction":[{"@type":"ReadAction","target":["https:\/\/chebspanama.org\/inicio\/programa-de-conversion-personal\/"]}]},{"@type":"BreadcrumbList","@id":"https:\/\/chebspanama.org\/inicio\/programa-de-conversion-personal\/#breadcrumb","itemListElement":[{"@type":"ListItem","position":1,"name":"Portada","item":"https:\/\/chebspanama.org\/inicio\/"},{"@type":"ListItem","position":2,"name":"Programa de Conversi\u00f3n Personal"}]},{"@type":"WebSite","@id":"https:\/\/chebspanama.org\/inicio\/#website","url":"https:\/\/chebspanama.org\/inicio\/","name":"","description":"","potentialAction":[{"@type":"SearchAction","target":{"@type":"EntryPoint","urlTemplate":"https:\/\/chebspanama.org\/inicio\/?s={search_term_string}"},"query-input":{"@type":"PropertyValueSpecification","valueRequired":true,"valueName":"search_term_string"}}],"inLanguage":"es"}]}},"_links":{"self":[{"href":"https:\/\/chebspanama.org\/inicio\/wp-json\/wp\/v2\/pages\/701","targetHints":{"allow":["GET"]}}],"collection":[{"href":"https:\/\/chebspanama.org\/inicio\/wp-json\/wp\/v2\/pages"}],"about":[{"href":"https:\/\/chebspanama.org\/inicio\/wp-json\/wp\/v2\/types\/page"}],"author":[{"embeddable":true,"href":"https:\/\/chebspanama.org\/inicio\/wp-json\/wp\/v2\/users\/1"}],"replies":[{"embeddable":true,"href":"https:\/\/chebspanama.org\/inicio\/wp-json\/wp\/v2\/comments?post=701"}],"version-history":[{"count":19,"href":"https:\/\/chebspanama.org\/inicio\/wp-json\/wp\/v2\/pages\/701\/revisions"}],"predecessor-version":[{"id":735,"href":"https:\/\/chebspanama.org\/inicio\/wp-json\/wp\/v2\/pages\/701\/revisions\/735"}],"wp:attachment":[{"href":"https:\/\/chebspanama.org\/inicio\/wp-json\/wp\/v2\/media?parent=701"}],"curies":[{"name":"wp","href":"https:\/\/api.w.org\/{rel}","templated":true}]}}