{"id":700,"date":"2025-05-14T13:52:54","date_gmt":"2025-05-14T18:52:54","guid":{"rendered":"https:\/\/chebspanama.org\/inicio\/?page_id=700"},"modified":"2025-05-14T14:23:59","modified_gmt":"2025-05-14T19:23:59","slug":"departamento-de-educacion","status":"publish","type":"page","link":"https:\/\/chebspanama.org\/inicio\/departamento-de-educacion\/","title":{"rendered":"Departamento de educaci\u00f3n"},"content":{"rendered":"\t\t<div data-elementor-type=\"wp-page\" data-elementor-id=\"700\" class=\"elementor elementor-700\" data-elementor-post-type=\"page\">\n\t\t\t\t<div class=\"elementor-element elementor-element-c1ac1eb e-flex e-con-boxed e-con e-parent\" data-id=\"c1ac1eb\" data-element_type=\"container\" data-e-type=\"container\" data-settings=\"{&quot;background_background&quot;:&quot;classic&quot;}\">\n\t\t\t\t\t<div class=\"e-con-inner\">\n\t\t<div class=\"elementor-element elementor-element-f717b42 e-con-full e-flex e-con e-child\" data-id=\"f717b42\" data-element_type=\"container\" data-e-type=\"container\" data-settings=\"{&quot;background_background&quot;:&quot;classic&quot;}\">\n\t\t\t\t<div class=\"elementor-element elementor-element-99431f5 elementor-widget elementor-widget-heading\" data-id=\"99431f5\" data-element_type=\"widget\" data-e-type=\"widget\" data-widget_type=\"heading.default\">\n\t\t\t\t<div class=\"elementor-widget-container\">\n\t\t\t\t\t<h2 class=\"elementor-heading-title elementor-size-default\">Departamento de Educaci\u00f3n<\/h2>\t\t\t\t<\/div>\n\t\t\t\t<\/div>\n\t\t\t\t<\/div>\n\t\t<div class=\"elementor-element elementor-element-85982dd e-con-full e-flex e-con e-child\" data-id=\"85982dd\" data-element_type=\"container\" data-e-type=\"container\" data-settings=\"{&quot;background_background&quot;:&quot;classic&quot;}\">\n\t\t\t\t<div class=\"elementor-element elementor-element-b357d75 elementor-widget elementor-widget-heading\" data-id=\"b357d75\" data-element_type=\"widget\" data-e-type=\"widget\" data-widget_type=\"heading.default\">\n\t\t\t\t<div class=\"elementor-widget-container\">\n\t\t\t\t\t<div class=\"elementor-heading-title elementor-size-default\">Crear una cultura solidaria basada en el amor al pr\u00f3jimo y los derechos humanos, con el fin de incrementar las medidas de prevenci\u00f3n y reducir el estigma y discriminaci\u00f3n.<\/div>\t\t\t\t<\/div>\n\t\t\t\t<\/div>\n\t\t\t\t<\/div>\n\t\t\t\t\t<\/div>\n\t\t\t\t<\/div>\n\t\t<div class=\"elementor-element elementor-element-b612453 e-flex e-con-boxed e-con e-parent\" data-id=\"b612453\" data-element_type=\"container\" data-e-type=\"container\">\n\t\t\t\t\t<div class=\"e-con-inner\">\n\t\t<div class=\"elementor-element elementor-element-a7c20ca e-con-full e-flex e-con e-child\" data-id=\"a7c20ca\" data-element_type=\"container\" data-e-type=\"container\" data-settings=\"{&quot;background_background&quot;:&quot;classic&quot;}\">\n\t\t\t\t<div class=\"elementor-element elementor-element-c2dc36b elementor-widget elementor-widget-text-editor\" data-id=\"c2dc36b\" data-element_type=\"widget\" data-e-type=\"widget\" data-widget_type=\"text-editor.default\">\n\t\t\t\t<div class=\"elementor-widget-container\">\n\t\t\t\t\t\t\t\t\t<p>Este departamento desarrollara en cada participante un mi\u0301nimo de habilidades que le proporcionen una capacitacio\u0301n laboral que les permita sufragar sus necesidades; despertar intere\u0301s y gusto por poner en pra\u0301cticas las acciones de prevencio\u0301n; hacerlos capaces de criticar la situacio\u0301n del VIH\/SIDA y a su vez que realicen propuestas e involucren en acciones de solucio\u0301n de la problema\u0301tica.<\/p><p>Cuando se aborda este tema es importante recordar que el primer requisito para lograr cambios substanciales es lograr visualizar a la persona como un ser integral, dotado de un mundo emocional que se inserta en el complejo entramado familiar y social, que para la influencia de ambas vertientes sera\u0301 necesario proporcionarle herramientas que le permitan adaptarse sin perder su dignidad como persona y creacio\u0301n divina.<\/p>\t\t\t\t\t\t\t\t<\/div>\n\t\t\t\t<\/div>\n\t\t\t\t<\/div>\n\t\t\t\t\t<\/div>\n\t\t\t\t<\/div>\n\t\t<div class=\"elementor-element elementor-element-03e79f3 e-flex e-con-boxed e-con e-parent\" data-id=\"03e79f3\" data-element_type=\"container\" data-e-type=\"container\">\n\t\t\t\t\t<div class=\"e-con-inner\">\n\t\t<div class=\"elementor-element elementor-element-9cc3cd8 e-con-full e-flex e-con e-child\" data-id=\"9cc3cd8\" data-element_type=\"container\" data-e-type=\"container\" data-settings=\"{&quot;background_background&quot;:&quot;classic&quot;}\">\n\t\t\t\t<div class=\"elementor-element elementor-element-448407b elementor-invisible elementor-widget elementor-widget-heading\" data-id=\"448407b\" data-element_type=\"widget\" data-e-type=\"widget\" data-settings=\"{&quot;_animation&quot;:&quot;fadeIn&quot;}\" data-widget_type=\"heading.default\">\n\t\t\t\t<div class=\"elementor-widget-container\">\n\t\t\t\t\t<h3 class=\"elementor-heading-title elementor-size-default\"><a href=\"#\">Capacitaci\u00f3n a Voluntarios<\/a><\/h3>\t\t\t\t<\/div>\n\t\t\t\t<\/div>\n\t\t\t\t<div class=\"elementor-element elementor-element-981a179 elementor-widget elementor-widget-text-editor\" data-id=\"981a179\" data-element_type=\"widget\" data-e-type=\"widget\" data-widget_type=\"text-editor.default\">\n\t\t\t\t<div class=\"elementor-widget-container\">\n\t\t\t\t\t\t\t\t\t<p>El proceso constante de transformacio\u0301n en el que el voluntario, con su grupo de accio\u0301n, va dialogando con la realidad, va aprendiendo de ella, y va sistematizando sus conocimientos, sus ha\u0301bitos de trabajo y sus habilidades.<\/p>\t\t\t\t\t\t\t\t<\/div>\n\t\t\t\t<\/div>\n\t\t\t\t<div class=\"elementor-element elementor-element-61cad38 elementor-invisible elementor-widget elementor-widget-heading\" data-id=\"61cad38\" data-element_type=\"widget\" data-e-type=\"widget\" data-settings=\"{&quot;_animation&quot;:&quot;fadeIn&quot;}\" data-widget_type=\"heading.default\">\n\t\t\t\t<div class=\"elementor-widget-container\">\n\t\t\t\t\t<h3 class=\"elementor-heading-title elementor-size-default\"><a href=\"#\">Programa de Capacitaci\u00f3n<\/a><\/h3>\t\t\t\t<\/div>\n\t\t\t\t<\/div>\n\t\t\t\t<div class=\"elementor-element elementor-element-ca7b0db elementor-widget elementor-widget-text-editor\" data-id=\"ca7b0db\" data-element_type=\"widget\" data-e-type=\"widget\" data-widget_type=\"text-editor.default\">\n\t\t\t\t<div class=\"elementor-widget-container\">\n\t\t\t\t\t\t\t\t\t<p>Los entrenamientos que se proporcionan en CHEBS, se basan en el supuesto de que las personas participan en los mismos por las siguientes razones: esta\u0301n interesadas en el tema, desean mejorar sus conocimientos o habilidades y desean participar activamente.<\/p>\t\t\t\t\t\t\t\t<\/div>\n\t\t\t\t<\/div>\n\t\t\t\t<div class=\"elementor-element elementor-element-b541481 elementor-invisible elementor-widget elementor-widget-heading\" data-id=\"b541481\" data-element_type=\"widget\" data-e-type=\"widget\" data-settings=\"{&quot;_animation&quot;:&quot;fadeIn&quot;}\" data-widget_type=\"heading.default\">\n\t\t\t\t<div class=\"elementor-widget-container\">\n\t\t\t\t\t<h3 class=\"elementor-heading-title elementor-size-default\"><a href=\"#\">Programa de Prevenci\u00f3n<\/a><\/h3>\t\t\t\t<\/div>\n\t\t\t\t<\/div>\n\t\t\t\t<div class=\"elementor-element elementor-element-1aaeef5 elementor-widget elementor-widget-text-editor\" data-id=\"1aaeef5\" data-element_type=\"widget\" data-e-type=\"widget\" data-widget_type=\"text-editor.default\">\n\t\t\t\t<div class=\"elementor-widget-container\">\n\t\t\t\t\t\t\t\t\t<p>Concebido como el mejor de los caminos para la prevencio\u0301n en VIH, que proporcione herramientas y contribuye a la disminucio\u0301n del porcentaje de personas infectadas.<\/p><p>El Programa se fortalece con la continua actualizacio\u0301n, promovida a trave\u0301s de cursos, talleres, ci\u0301rculos de estu- dio y compartir vivencias de acuerdo a las necesidades e intereses de los grupos que se atiendan.<\/p>\t\t\t\t\t\t\t\t<\/div>\n\t\t\t\t<\/div>\n\t\t\t\t<div class=\"elementor-element elementor-element-821bf40 elementor-invisible elementor-widget elementor-widget-heading\" data-id=\"821bf40\" data-element_type=\"widget\" data-e-type=\"widget\" data-settings=\"{&quot;_animation&quot;:&quot;fadeIn&quot;}\" data-widget_type=\"heading.default\">\n\t\t\t\t<div class=\"elementor-widget-container\">\n\t\t\t\t\t<h3 class=\"elementor-heading-title elementor-size-default\"><a href=\"#\">Programa de Reinserci\u00f3n Laboral<\/a><\/h3>\t\t\t\t<\/div>\n\t\t\t\t<\/div>\n\t\t\t\t<div class=\"elementor-element elementor-element-e654336 elementor-widget elementor-widget-text-editor\" data-id=\"e654336\" data-element_type=\"widget\" data-e-type=\"widget\" data-widget_type=\"text-editor.default\">\n\t\t\t\t<div class=\"elementor-widget-container\">\n\t\t\t\t\t\t\t\t\t<p>Proporciona el acceso a cursos de capacitacio\u0301n a las personas que viven con VIH\/SIDA de bajos recursos eco- no\u0301micos y\/o desempleados para que desarrollen habilidades que les permitan reincorporarse a la una actividad laboral, adquirir o aumentar sus ingresos y por ende su autovaloracio\u0301n.<\/p>\t\t\t\t\t\t\t\t<\/div>\n\t\t\t\t<\/div>\n\t\t\t\t<\/div>\n\t\t\t\t\t<\/div>\n\t\t\t\t<\/div>\n\t\t<div class=\"elementor-element elementor-element-dca84e8 e-flex e-con-boxed e-con e-parent\" data-id=\"dca84e8\" data-element_type=\"container\" data-e-type=\"container\">\n\t\t\t\t\t<div class=\"e-con-inner\">\n\t\t<div class=\"elementor-element elementor-element-8330754 e-con-full e-flex e-con e-child\" data-id=\"8330754\" data-element_type=\"container\" data-e-type=\"container\" data-settings=\"{&quot;background_background&quot;:&quot;classic&quot;}\">\n\t\t\t\t<div class=\"elementor-element elementor-element-38921fa elementor-widget elementor-widget-theme-site-logo elementor-widget-image\" data-id=\"38921fa\" data-element_type=\"widget\" data-e-type=\"widget\" data-widget_type=\"theme-site-logo.default\">\n\t\t\t\t<div class=\"elementor-widget-container\">\n\t\t\t\t\t\t\t\t\t\t\t<a href=\"https:\/\/chebspanama.org\/inicio\">\n\t\t\t<img decoding=\"async\" width=\"400\" height=\"100\" src=\"https:\/\/chebspanama.org\/inicio\/wp-content\/uploads\/2025\/05\/logo.png\" class=\"attachment-full size-full wp-image-58\" alt=\"\" srcset=\"https:\/\/chebspanama.org\/inicio\/wp-content\/uploads\/2025\/05\/logo.png 400w, https:\/\/chebspanama.org\/inicio\/wp-content\/uploads\/2025\/05\/logo-300x75.png 300w\" sizes=\"(max-width: 400px) 100vw, 400px\" \/>\t\t\t\t<\/a>\n\t\t\t\t\t\t\t\t\t\t\t<\/div>\n\t\t\t\t<\/div>\n\t\t\t\t<\/div>\n\t\t<div class=\"elementor-element elementor-element-67c6b48 e-con-full e-flex e-con e-child\" data-id=\"67c6b48\" data-element_type=\"container\" data-e-type=\"container\" data-settings=\"{&quot;background_background&quot;:&quot;classic&quot;}\">\n\t\t\t\t<div class=\"elementor-element elementor-element-1b614e5 elementor-widget elementor-widget-text-editor\" data-id=\"1b614e5\" data-element_type=\"widget\" data-e-type=\"widget\" data-widget_type=\"text-editor.default\">\n\t\t\t\t<div class=\"elementor-widget-container\">\n\t\t\t\t\t\t\t\t\t<p>Juan D\u00edaz, calle 4ta, transversal tercera (Bajando por la iglesia El Carmen),\u00a0Panam\u00e1, Rep\u00fablica de Panam\u00e1<\/p><p>N\u00famero de Tel\u00e9fono: 220-5815<\/p><p>E-Mail:\u00a0chebs_@hotmail.com<\/p>\t\t\t\t\t\t\t\t<\/div>\n\t\t\t\t<\/div>\n\t\t\t\t<\/div>\n\t\t\t\t\t<\/div>\n\t\t\t\t<\/div>\n\t\t\t\t<\/div>\n\t\t","protected":false},"excerpt":{"rendered":"<p>Departamento de Educaci\u00f3n Crear una cultura solidaria basada en el amor al pr\u00f3jimo y los derechos humanos, con el fin de incrementar las medidas de prevenci\u00f3n y reducir el estigma y discriminaci\u00f3n. Este departamento desarrollara en cada participante un mi\u0301nimo de habilidades que le proporcionen una capacitacio\u0301n laboral que les permita sufragar sus necesidades; despertar [&hellip;]<\/p>\n","protected":false},"author":1,"featured_media":0,"parent":0,"menu_order":0,"comment_status":"closed","ping_status":"closed","template":"elementor_header_footer","meta":{"footnotes":""},"class_list":["post-700","page","type-page","status-publish","hentry","entry"],"yoast_head":"<!-- This site is optimized with the Yoast SEO plugin v27.2 - https:\/\/yoast.com\/product\/yoast-seo-wordpress\/ -->\n<title>Departamento de educaci\u00f3n -<\/title>\n<meta name=\"robots\" content=\"index, follow, max-snippet:-1, max-image-preview:large, max-video-preview:-1\" \/>\n<link rel=\"canonical\" href=\"https:\/\/chebspanama.org\/inicio\/departamento-de-educacion\/\" \/>\n<meta property=\"og:locale\" content=\"es_ES\" \/>\n<meta property=\"og:type\" content=\"article\" \/>\n<meta property=\"og:title\" content=\"Departamento de educaci\u00f3n -\" \/>\n<meta property=\"og:description\" content=\"Departamento de Educaci\u00f3n Crear una cultura solidaria basada en el amor al pr\u00f3jimo y los derechos humanos, con el fin de incrementar las medidas de prevenci\u00f3n y reducir el estigma y discriminaci\u00f3n. Este departamento desarrollara en cada participante un mi\u0301nimo de habilidades que le proporcionen una capacitacio\u0301n laboral que les permita sufragar sus necesidades; despertar [&hellip;]\" \/>\n<meta property=\"og:url\" content=\"https:\/\/chebspanama.org\/inicio\/departamento-de-educacion\/\" \/>\n<meta property=\"article:modified_time\" content=\"2025-05-14T19:23:59+00:00\" \/>\n<meta name=\"twitter:card\" content=\"summary_large_image\" \/>\n<meta name=\"twitter:label1\" content=\"Tiempo de lectura\" \/>\n\t<meta name=\"twitter:data1\" content=\"2 minutos\" \/>\n<script type=\"application\/ld+json\" class=\"yoast-schema-graph\">{\"@context\":\"https:\/\/schema.org\",\"@graph\":[{\"@type\":\"WebPage\",\"@id\":\"https:\/\/chebspanama.org\/inicio\/departamento-de-educacion\/\",\"url\":\"https:\/\/chebspanama.org\/inicio\/departamento-de-educacion\/\",\"name\":\"Departamento de educaci\u00f3n -\",\"isPartOf\":{\"@id\":\"https:\/\/chebspanama.org\/inicio\/#website\"},\"datePublished\":\"2025-05-14T18:52:54+00:00\",\"dateModified\":\"2025-05-14T19:23:59+00:00\",\"breadcrumb\":{\"@id\":\"https:\/\/chebspanama.org\/inicio\/departamento-de-educacion\/#breadcrumb\"},\"inLanguage\":\"es\",\"potentialAction\":[{\"@type\":\"ReadAction\",\"target\":[\"https:\/\/chebspanama.org\/inicio\/departamento-de-educacion\/\"]}]},{\"@type\":\"BreadcrumbList\",\"@id\":\"https:\/\/chebspanama.org\/inicio\/departamento-de-educacion\/#breadcrumb\",\"itemListElement\":[{\"@type\":\"ListItem\",\"position\":1,\"name\":\"Portada\",\"item\":\"https:\/\/chebspanama.org\/inicio\/\"},{\"@type\":\"ListItem\",\"position\":2,\"name\":\"Departamento de educaci\u00f3n\"}]},{\"@type\":\"WebSite\",\"@id\":\"https:\/\/chebspanama.org\/inicio\/#website\",\"url\":\"https:\/\/chebspanama.org\/inicio\/\",\"name\":\"\",\"description\":\"\",\"potentialAction\":[{\"@type\":\"SearchAction\",\"target\":{\"@type\":\"EntryPoint\",\"urlTemplate\":\"https:\/\/chebspanama.org\/inicio\/?s={search_term_string}\"},\"query-input\":{\"@type\":\"PropertyValueSpecification\",\"valueRequired\":true,\"valueName\":\"search_term_string\"}}],\"inLanguage\":\"es\"}]}<\/script>\n<!-- \/ Yoast SEO plugin. -->","yoast_head_json":{"title":"Departamento de educaci\u00f3n -","robots":{"index":"index","follow":"follow","max-snippet":"max-snippet:-1","max-image-preview":"max-image-preview:large","max-video-preview":"max-video-preview:-1"},"canonical":"https:\/\/chebspanama.org\/inicio\/departamento-de-educacion\/","og_locale":"es_ES","og_type":"article","og_title":"Departamento de educaci\u00f3n -","og_description":"Departamento de Educaci\u00f3n Crear una cultura solidaria basada en el amor al pr\u00f3jimo y los derechos humanos, con el fin de incrementar las medidas de prevenci\u00f3n y reducir el estigma y discriminaci\u00f3n. Este departamento desarrollara en cada participante un mi\u0301nimo de habilidades que le proporcionen una capacitacio\u0301n laboral que les permita sufragar sus necesidades; despertar [&hellip;]","og_url":"https:\/\/chebspanama.org\/inicio\/departamento-de-educacion\/","article_modified_time":"2025-05-14T19:23:59+00:00","twitter_card":"summary_large_image","twitter_misc":{"Tiempo de lectura":"2 minutos"},"schema":{"@context":"https:\/\/schema.org","@graph":[{"@type":"WebPage","@id":"https:\/\/chebspanama.org\/inicio\/departamento-de-educacion\/","url":"https:\/\/chebspanama.org\/inicio\/departamento-de-educacion\/","name":"Departamento de educaci\u00f3n -","isPartOf":{"@id":"https:\/\/chebspanama.org\/inicio\/#website"},"datePublished":"2025-05-14T18:52:54+00:00","dateModified":"2025-05-14T19:23:59+00:00","breadcrumb":{"@id":"https:\/\/chebspanama.org\/inicio\/departamento-de-educacion\/#breadcrumb"},"inLanguage":"es","potentialAction":[{"@type":"ReadAction","target":["https:\/\/chebspanama.org\/inicio\/departamento-de-educacion\/"]}]},{"@type":"BreadcrumbList","@id":"https:\/\/chebspanama.org\/inicio\/departamento-de-educacion\/#breadcrumb","itemListElement":[{"@type":"ListItem","position":1,"name":"Portada","item":"https:\/\/chebspanama.org\/inicio\/"},{"@type":"ListItem","position":2,"name":"Departamento de educaci\u00f3n"}]},{"@type":"WebSite","@id":"https:\/\/chebspanama.org\/inicio\/#website","url":"https:\/\/chebspanama.org\/inicio\/","name":"","description":"","potentialAction":[{"@type":"SearchAction","target":{"@type":"EntryPoint","urlTemplate":"https:\/\/chebspanama.org\/inicio\/?s={search_term_string}"},"query-input":{"@type":"PropertyValueSpecification","valueRequired":true,"valueName":"search_term_string"}}],"inLanguage":"es"}]}},"_links":{"self":[{"href":"https:\/\/chebspanama.org\/inicio\/wp-json\/wp\/v2\/pages\/700","targetHints":{"allow":["GET"]}}],"collection":[{"href":"https:\/\/chebspanama.org\/inicio\/wp-json\/wp\/v2\/pages"}],"about":[{"href":"https:\/\/chebspanama.org\/inicio\/wp-json\/wp\/v2\/types\/page"}],"author":[{"embeddable":true,"href":"https:\/\/chebspanama.org\/inicio\/wp-json\/wp\/v2\/users\/1"}],"replies":[{"embeddable":true,"href":"https:\/\/chebspanama.org\/inicio\/wp-json\/wp\/v2\/comments?post=700"}],"version-history":[{"count":13,"href":"https:\/\/chebspanama.org\/inicio\/wp-json\/wp\/v2\/pages\/700\/revisions"}],"predecessor-version":[{"id":729,"href":"https:\/\/chebspanama.org\/inicio\/wp-json\/wp\/v2\/pages\/700\/revisions\/729"}],"wp:attachment":[{"href":"https:\/\/chebspanama.org\/inicio\/wp-json\/wp\/v2\/media?parent=700"}],"curies":[{"name":"wp","href":"https:\/\/api.w.org\/{rel}","templated":true}]}}