{"id":441,"date":"2025-05-09T13:11:44","date_gmt":"2025-05-09T18:11:44","guid":{"rendered":"https:\/\/chebspanama.org\/inicio\/?page_id=441"},"modified":"2025-05-14T09:29:33","modified_gmt":"2025-05-14T14:29:33","slug":"instalaciones","status":"publish","type":"page","link":"https:\/\/chebspanama.org\/inicio\/instalaciones\/","title":{"rendered":"Instalaciones"},"content":{"rendered":"\t\t<div data-elementor-type=\"wp-page\" data-elementor-id=\"441\" class=\"elementor elementor-441\" data-elementor-post-type=\"page\">\n\t\t\t\t<div class=\"elementor-element elementor-element-8b280ce e-flex e-con-boxed e-con e-parent\" data-id=\"8b280ce\" data-element_type=\"container\" data-e-type=\"container\">\n\t\t\t\t\t<div class=\"e-con-inner\">\n\t\t<div class=\"elementor-element elementor-element-7576e58 e-con-full e-flex e-con e-child\" data-id=\"7576e58\" data-element_type=\"container\" data-e-type=\"container\" data-settings=\"{&quot;background_background&quot;:&quot;classic&quot;}\">\n\t\t\t\t<div class=\"elementor-element elementor-element-0c8d5dd elementor-widget elementor-widget-heading\" data-id=\"0c8d5dd\" data-element_type=\"widget\" data-e-type=\"widget\" data-widget_type=\"heading.default\">\n\t\t\t\t<div class=\"elementor-widget-container\">\n\t\t\t\t\t<h2 class=\"elementor-heading-title elementor-size-default\">Instalaciones<\/h2>\t\t\t\t<\/div>\n\t\t\t\t<\/div>\n\t\t\t\t<\/div>\n\t\t<div class=\"elementor-element elementor-element-acab8d5 e-con-full e-flex e-con e-child\" data-id=\"acab8d5\" data-element_type=\"container\" data-e-type=\"container\" data-settings=\"{&quot;background_background&quot;:&quot;classic&quot;}\">\n\t\t\t\t<div class=\"elementor-element elementor-element-7ef1a99 elementor-invisible elementor-widget elementor-widget-image\" data-id=\"7ef1a99\" data-element_type=\"widget\" data-e-type=\"widget\" data-settings=\"{&quot;_animation&quot;:&quot;fadeIn&quot;}\" data-widget_type=\"image.default\">\n\t\t\t\t<div class=\"elementor-widget-container\">\n\t\t\t\t\t\t\t\t\t\t\t\t\t\t\t<img fetchpriority=\"high\" decoding=\"async\" width=\"775\" height=\"517\" src=\"https:\/\/chebspanama.org\/inicio\/wp-content\/uploads\/2025\/05\/casa-chebs-2.jpg\" class=\"attachment-large size-large wp-image-455\" alt=\"\" srcset=\"https:\/\/chebspanama.org\/inicio\/wp-content\/uploads\/2025\/05\/casa-chebs-2.jpg 775w, https:\/\/chebspanama.org\/inicio\/wp-content\/uploads\/2025\/05\/casa-chebs-2-300x200.jpg 300w, https:\/\/chebspanama.org\/inicio\/wp-content\/uploads\/2025\/05\/casa-chebs-2-768x512.jpg 768w, https:\/\/chebspanama.org\/inicio\/wp-content\/uploads\/2025\/05\/casa-chebs-2-600x400.jpg 600w\" sizes=\"(max-width: 775px) 100vw, 775px\" \/>\t\t\t\t\t\t\t\t\t\t\t\t\t\t\t<\/div>\n\t\t\t\t<\/div>\n\t\t\t\t<\/div>\n\t\t\t\t\t<\/div>\n\t\t\t\t<\/div>\n\t\t<div class=\"elementor-element elementor-element-b612453 e-flex e-con-boxed e-con e-parent\" data-id=\"b612453\" data-element_type=\"container\" data-e-type=\"container\">\n\t\t\t\t\t<div class=\"e-con-inner\">\n\t\t<div class=\"elementor-element elementor-element-a7c20ca e-con-full e-flex e-con e-child\" data-id=\"a7c20ca\" data-element_type=\"container\" data-e-type=\"container\" data-settings=\"{&quot;background_background&quot;:&quot;classic&quot;}\">\n\t\t\t\t<div class=\"elementor-element elementor-element-7860151 elementor-widget elementor-widget-heading\" data-id=\"7860151\" data-element_type=\"widget\" data-e-type=\"widget\" data-widget_type=\"heading.default\">\n\t\t\t\t<div class=\"elementor-widget-container\">\n\t\t\t\t\t<h3 class=\"elementor-heading-title elementor-size-default\">\"En este hogar todos volvemos a nacer.\"<\/h3>\t\t\t\t<\/div>\n\t\t\t\t<\/div>\n\t\t\t\t<div class=\"elementor-element elementor-element-c2dc36b elementor-widget elementor-widget-text-editor\" data-id=\"c2dc36b\" data-element_type=\"widget\" data-e-type=\"widget\" data-widget_type=\"text-editor.default\">\n\t\t\t\t<div class=\"elementor-widget-container\">\n\t\t\t\t\t\t\t\t\t<p>CHEBS actualmente cuenta con una capacidad de atenci\u00f3n a 300 residentes de los cuales solamente tiene capacidad actual para 5 mujeres por lo que la mayor\u00eda reciben apoyo externo en bolsas de comida, medicamentos, orientaci\u00f3n en general y cursos de empoderamiento.<\/p><p>En Relaci\u00f3n con los adolescentes, en Panam\u00e1 no existen lugares para la atenci\u00f3n de estos grupos de edad; en especial cuando son varones, y que estos tienen intereses y necesidades diferentes a las de un adulto.<\/p><p>Es aqu\u00ed cuando vemos necesaria y urgente la construcci\u00f3n de un lugar con las condiciones adecuadas para atenderles.<\/p><p>Actualmente este proyecto ya cuenta con el terreno, m\u00e1s no con el recurso monetario para el inicio de la obra. Esta nueva estructura ser\u00e1 dividida en dos secciones, una para adolescentes y otra para mujeres; de esta forma separando a estos de la actual residencia y de los residentes varones que all\u00e1 viven.<\/p><p>Necesitamos apoyo para la creaci\u00f3n urgente de un lugar con condiciones adecuadas para j\u00f3venes adolescentes y mujeres que sufren de VIH\/SIDA.<\/p>\t\t\t\t\t\t\t\t<\/div>\n\t\t\t\t<\/div>\n\t\t\t\t<div class=\"elementor-element elementor-element-a751a17 elementor-widget elementor-widget-gallery\" data-id=\"a751a17\" data-element_type=\"widget\" data-e-type=\"widget\" data-settings=\"{&quot;columns_mobile&quot;:2,&quot;columns_tablet&quot;:4,&quot;lazyload&quot;:&quot;yes&quot;,&quot;gallery_layout&quot;:&quot;grid&quot;,&quot;columns&quot;:4,&quot;gap&quot;:{&quot;unit&quot;:&quot;px&quot;,&quot;size&quot;:10,&quot;sizes&quot;:[]},&quot;gap_tablet&quot;:{&quot;unit&quot;:&quot;px&quot;,&quot;size&quot;:10,&quot;sizes&quot;:[]},&quot;gap_mobile&quot;:{&quot;unit&quot;:&quot;px&quot;,&quot;size&quot;:10,&quot;sizes&quot;:[]},&quot;link_to&quot;:&quot;file&quot;,&quot;aspect_ratio&quot;:&quot;3:2&quot;,&quot;overlay_background&quot;:&quot;yes&quot;,&quot;content_hover_animation&quot;:&quot;fade-in&quot;}\" data-widget_type=\"gallery.default\">\n\t\t\t\t<div class=\"elementor-widget-container\">\n\t\t\t\t\t\t\t<div class=\"elementor-gallery__container\">\n\t\t\t\t\t\t\t<a class=\"e-gallery-item elementor-gallery-item elementor-animated-content\" href=\"https:\/\/chebspanama.org\/inicio\/wp-content\/uploads\/2025\/05\/casa-chebs-2.jpg\" data-elementor-open-lightbox=\"yes\" data-elementor-lightbox-slideshow=\"a751a17\" data-elementor-lightbox-title=\"Chebs Panam\u00e1\" data-e-action-hash=\"#elementor-action%3Aaction%3Dlightbox%26settings%3DeyJpZCI6NDU1LCJ1cmwiOiJodHRwczpcL1wvY2hlYnNwYW5hbWEub3JnXC9pbmljaW9cL3dwLWNvbnRlbnRcL3VwbG9hZHNcLzIwMjVcLzA1XC9jYXNhLWNoZWJzLTIuanBnIiwic2xpZGVzaG93IjoiYTc1MWExNyJ9\">\n\t\t\t\t\t<div class=\"e-gallery-image elementor-gallery-item__image\" data-thumbnail=\"https:\/\/chebspanama.org\/inicio\/wp-content\/uploads\/2025\/05\/casa-chebs-2-300x200.jpg\" data-width=\"300\" data-height=\"200\" aria-label=\"\" role=\"img\" ><\/div>\n\t\t\t\t\t\t\t\t\t\t\t<div class=\"elementor-gallery-item__overlay\"><\/div>\n\t\t\t\t\t\t\t\t\t\t\t\t\t\t<\/a>\n\t\t\t\t\t\t\t<a class=\"e-gallery-item elementor-gallery-item elementor-animated-content\" href=\"https:\/\/chebspanama.org\/inicio\/wp-content\/uploads\/2025\/05\/chebs3.jpg\" data-elementor-open-lightbox=\"yes\" data-elementor-lightbox-slideshow=\"a751a17\" data-elementor-lightbox-title=\"chebs3\" data-e-action-hash=\"#elementor-action%3Aaction%3Dlightbox%26settings%3DeyJpZCI6NDU4LCJ1cmwiOiJodHRwczpcL1wvY2hlYnNwYW5hbWEub3JnXC9pbmljaW9cL3dwLWNvbnRlbnRcL3VwbG9hZHNcLzIwMjVcLzA1XC9jaGViczMuanBnIiwic2xpZGVzaG93IjoiYTc1MWExNyJ9\">\n\t\t\t\t\t<div class=\"e-gallery-image elementor-gallery-item__image\" data-thumbnail=\"https:\/\/chebspanama.org\/inicio\/wp-content\/uploads\/2025\/05\/chebs3-300x200.jpg\" data-width=\"300\" data-height=\"200\" aria-label=\"\" role=\"img\" ><\/div>\n\t\t\t\t\t\t\t\t\t\t\t<div class=\"elementor-gallery-item__overlay\"><\/div>\n\t\t\t\t\t\t\t\t\t\t\t\t\t\t<\/a>\n\t\t\t\t\t\t\t<a class=\"e-gallery-item elementor-gallery-item elementor-animated-content\" href=\"https:\/\/chebspanama.org\/inicio\/wp-content\/uploads\/2025\/05\/chebs1.jpg\" data-elementor-open-lightbox=\"yes\" data-elementor-lightbox-slideshow=\"a751a17\" data-elementor-lightbox-title=\"chebs1\" data-e-action-hash=\"#elementor-action%3Aaction%3Dlightbox%26settings%3DeyJpZCI6NDU2LCJ1cmwiOiJodHRwczpcL1wvY2hlYnNwYW5hbWEub3JnXC9pbmljaW9cL3dwLWNvbnRlbnRcL3VwbG9hZHNcLzIwMjVcLzA1XC9jaGViczEuanBnIiwic2xpZGVzaG93IjoiYTc1MWExNyJ9\">\n\t\t\t\t\t<div class=\"e-gallery-image elementor-gallery-item__image\" data-thumbnail=\"https:\/\/chebspanama.org\/inicio\/wp-content\/uploads\/2025\/05\/chebs1-300x200.jpg\" data-width=\"300\" data-height=\"200\" aria-label=\"\" role=\"img\" ><\/div>\n\t\t\t\t\t\t\t\t\t\t\t<div class=\"elementor-gallery-item__overlay\"><\/div>\n\t\t\t\t\t\t\t\t\t\t\t\t\t\t<\/a>\n\t\t\t\t\t\t\t<a class=\"e-gallery-item elementor-gallery-item elementor-animated-content\" href=\"https:\/\/chebspanama.org\/inicio\/wp-content\/uploads\/2025\/05\/chebs2.jpg\" data-elementor-open-lightbox=\"yes\" data-elementor-lightbox-slideshow=\"a751a17\" data-elementor-lightbox-title=\"chebs2\" data-e-action-hash=\"#elementor-action%3Aaction%3Dlightbox%26settings%3DeyJpZCI6NDU3LCJ1cmwiOiJodHRwczpcL1wvY2hlYnNwYW5hbWEub3JnXC9pbmljaW9cL3dwLWNvbnRlbnRcL3VwbG9hZHNcLzIwMjVcLzA1XC9jaGViczIuanBnIiwic2xpZGVzaG93IjoiYTc1MWExNyJ9\">\n\t\t\t\t\t<div class=\"e-gallery-image elementor-gallery-item__image\" data-thumbnail=\"https:\/\/chebspanama.org\/inicio\/wp-content\/uploads\/2025\/05\/chebs2-300x200.jpg\" data-width=\"300\" data-height=\"200\" aria-label=\"\" role=\"img\" ><\/div>\n\t\t\t\t\t\t\t\t\t\t\t<div class=\"elementor-gallery-item__overlay\"><\/div>\n\t\t\t\t\t\t\t\t\t\t\t\t\t\t<\/a>\n\t\t\t\t\t\t\t<a class=\"e-gallery-item elementor-gallery-item elementor-animated-content\" href=\"https:\/\/chebspanama.org\/inicio\/wp-content\/uploads\/2025\/05\/chebs4.jpg\" data-elementor-open-lightbox=\"yes\" data-elementor-lightbox-slideshow=\"a751a17\" data-elementor-lightbox-title=\"chebs4\" data-e-action-hash=\"#elementor-action%3Aaction%3Dlightbox%26settings%3DeyJpZCI6NDU5LCJ1cmwiOiJodHRwczpcL1wvY2hlYnNwYW5hbWEub3JnXC9pbmljaW9cL3dwLWNvbnRlbnRcL3VwbG9hZHNcLzIwMjVcLzA1XC9jaGViczQuanBnIiwic2xpZGVzaG93IjoiYTc1MWExNyJ9\">\n\t\t\t\t\t<div class=\"e-gallery-image elementor-gallery-item__image\" data-thumbnail=\"https:\/\/chebspanama.org\/inicio\/wp-content\/uploads\/2025\/05\/chebs4-300x200.jpg\" data-width=\"300\" data-height=\"200\" aria-label=\"\" role=\"img\" ><\/div>\n\t\t\t\t\t\t\t\t\t\t\t<div class=\"elementor-gallery-item__overlay\"><\/div>\n\t\t\t\t\t\t\t\t\t\t\t\t\t\t<\/a>\n\t\t\t\t\t\t\t<a class=\"e-gallery-item elementor-gallery-item elementor-animated-content\" href=\"https:\/\/chebspanama.org\/inicio\/wp-content\/uploads\/2025\/05\/instalaciones5.jpg\" data-elementor-open-lightbox=\"yes\" data-elementor-lightbox-slideshow=\"a751a17\" data-elementor-lightbox-title=\"instalaciones5\" data-e-action-hash=\"#elementor-action%3Aaction%3Dlightbox%26settings%3DeyJpZCI6NDYwLCJ1cmwiOiJodHRwczpcL1wvY2hlYnNwYW5hbWEub3JnXC9pbmljaW9cL3dwLWNvbnRlbnRcL3VwbG9hZHNcLzIwMjVcLzA1XC9pbnN0YWxhY2lvbmVzNS5qcGciLCJzbGlkZXNob3ciOiJhNzUxYTE3In0%3D\">\n\t\t\t\t\t<div class=\"e-gallery-image elementor-gallery-item__image\" data-thumbnail=\"https:\/\/chebspanama.org\/inicio\/wp-content\/uploads\/2025\/05\/instalaciones5-300x225.jpg\" data-width=\"300\" data-height=\"225\" aria-label=\"\" role=\"img\" ><\/div>\n\t\t\t\t\t\t\t\t\t\t\t<div class=\"elementor-gallery-item__overlay\"><\/div>\n\t\t\t\t\t\t\t\t\t\t\t\t\t\t<\/a>\n\t\t\t\t\t\t\t<a class=\"e-gallery-item elementor-gallery-item elementor-animated-content\" href=\"https:\/\/chebspanama.org\/inicio\/wp-content\/uploads\/2025\/05\/instalaciones8.jpg\" data-elementor-open-lightbox=\"yes\" data-elementor-lightbox-slideshow=\"a751a17\" data-elementor-lightbox-title=\"instalaciones8\" data-e-action-hash=\"#elementor-action%3Aaction%3Dlightbox%26settings%3DeyJpZCI6NDYxLCJ1cmwiOiJodHRwczpcL1wvY2hlYnNwYW5hbWEub3JnXC9pbmljaW9cL3dwLWNvbnRlbnRcL3VwbG9hZHNcLzIwMjVcLzA1XC9pbnN0YWxhY2lvbmVzOC5qcGciLCJzbGlkZXNob3ciOiJhNzUxYTE3In0%3D\">\n\t\t\t\t\t<div class=\"e-gallery-image elementor-gallery-item__image\" data-thumbnail=\"https:\/\/chebspanama.org\/inicio\/wp-content\/uploads\/2025\/05\/instalaciones8-300x225.jpg\" data-width=\"300\" data-height=\"225\" aria-label=\"\" role=\"img\" ><\/div>\n\t\t\t\t\t\t\t\t\t\t\t<div class=\"elementor-gallery-item__overlay\"><\/div>\n\t\t\t\t\t\t\t\t\t\t\t\t\t\t<\/a>\n\t\t\t\t\t\t\t<a class=\"e-gallery-item elementor-gallery-item elementor-animated-content\" href=\"https:\/\/chebspanama.org\/inicio\/wp-content\/uploads\/2025\/05\/instalaciones9.jpg\" data-elementor-open-lightbox=\"yes\" data-elementor-lightbox-slideshow=\"a751a17\" data-elementor-lightbox-title=\"instalaciones9\" data-e-action-hash=\"#elementor-action%3Aaction%3Dlightbox%26settings%3DeyJpZCI6NDYyLCJ1cmwiOiJodHRwczpcL1wvY2hlYnNwYW5hbWEub3JnXC9pbmljaW9cL3dwLWNvbnRlbnRcL3VwbG9hZHNcLzIwMjVcLzA1XC9pbnN0YWxhY2lvbmVzOS5qcGciLCJzbGlkZXNob3ciOiJhNzUxYTE3In0%3D\">\n\t\t\t\t\t<div class=\"e-gallery-image elementor-gallery-item__image\" data-thumbnail=\"https:\/\/chebspanama.org\/inicio\/wp-content\/uploads\/2025\/05\/instalaciones9-300x225.jpg\" data-width=\"300\" data-height=\"225\" aria-label=\"\" role=\"img\" ><\/div>\n\t\t\t\t\t\t\t\t\t\t\t<div class=\"elementor-gallery-item__overlay\"><\/div>\n\t\t\t\t\t\t\t\t\t\t\t\t\t\t<\/a>\n\t\t\t\t\t\t\t<a class=\"e-gallery-item elementor-gallery-item elementor-animated-content\" href=\"https:\/\/chebspanama.org\/inicio\/wp-content\/uploads\/2025\/05\/instalaciones10.jpg\" data-elementor-open-lightbox=\"yes\" data-elementor-lightbox-slideshow=\"a751a17\" data-elementor-lightbox-title=\"instalaciones10\" data-e-action-hash=\"#elementor-action%3Aaction%3Dlightbox%26settings%3DeyJpZCI6NDYzLCJ1cmwiOiJodHRwczpcL1wvY2hlYnNwYW5hbWEub3JnXC9pbmljaW9cL3dwLWNvbnRlbnRcL3VwbG9hZHNcLzIwMjVcLzA1XC9pbnN0YWxhY2lvbmVzMTAuanBnIiwic2xpZGVzaG93IjoiYTc1MWExNyJ9\">\n\t\t\t\t\t<div class=\"e-gallery-image elementor-gallery-item__image\" data-thumbnail=\"https:\/\/chebspanama.org\/inicio\/wp-content\/uploads\/2025\/05\/instalaciones10-225x300.jpg\" data-width=\"225\" data-height=\"300\" aria-label=\"\" role=\"img\" ><\/div>\n\t\t\t\t\t\t\t\t\t\t\t<div class=\"elementor-gallery-item__overlay\"><\/div>\n\t\t\t\t\t\t\t\t\t\t\t\t\t\t<\/a>\n\t\t\t\t\t\t\t<a class=\"e-gallery-item elementor-gallery-item elementor-animated-content\" href=\"https:\/\/chebspanama.org\/inicio\/wp-content\/uploads\/2025\/05\/instalaciones12.jpg\" data-elementor-open-lightbox=\"yes\" data-elementor-lightbox-slideshow=\"a751a17\" data-elementor-lightbox-title=\"instalaciones12\" data-e-action-hash=\"#elementor-action%3Aaction%3Dlightbox%26settings%3DeyJpZCI6NDY0LCJ1cmwiOiJodHRwczpcL1wvY2hlYnNwYW5hbWEub3JnXC9pbmljaW9cL3dwLWNvbnRlbnRcL3VwbG9hZHNcLzIwMjVcLzA1XC9pbnN0YWxhY2lvbmVzMTIuanBnIiwic2xpZGVzaG93IjoiYTc1MWExNyJ9\">\n\t\t\t\t\t<div class=\"e-gallery-image elementor-gallery-item__image\" data-thumbnail=\"https:\/\/chebspanama.org\/inicio\/wp-content\/uploads\/2025\/05\/instalaciones12-300x225.jpg\" data-width=\"300\" data-height=\"225\" aria-label=\"\" role=\"img\" ><\/div>\n\t\t\t\t\t\t\t\t\t\t\t<div class=\"elementor-gallery-item__overlay\"><\/div>\n\t\t\t\t\t\t\t\t\t\t\t\t\t\t<\/a>\n\t\t\t\t\t\t\t<a class=\"e-gallery-item elementor-gallery-item elementor-animated-content\" href=\"https:\/\/chebspanama.org\/inicio\/wp-content\/uploads\/2025\/05\/instalaciones14.jpg\" data-elementor-open-lightbox=\"yes\" data-elementor-lightbox-slideshow=\"a751a17\" data-elementor-lightbox-title=\"instalaciones14\" data-e-action-hash=\"#elementor-action%3Aaction%3Dlightbox%26settings%3DeyJpZCI6NDY1LCJ1cmwiOiJodHRwczpcL1wvY2hlYnNwYW5hbWEub3JnXC9pbmljaW9cL3dwLWNvbnRlbnRcL3VwbG9hZHNcLzIwMjVcLzA1XC9pbnN0YWxhY2lvbmVzMTQuanBnIiwic2xpZGVzaG93IjoiYTc1MWExNyJ9\">\n\t\t\t\t\t<div class=\"e-gallery-image elementor-gallery-item__image\" data-thumbnail=\"https:\/\/chebspanama.org\/inicio\/wp-content\/uploads\/2025\/05\/instalaciones14-300x225.jpg\" data-width=\"300\" data-height=\"225\" aria-label=\"\" role=\"img\" ><\/div>\n\t\t\t\t\t\t\t\t\t\t\t<div class=\"elementor-gallery-item__overlay\"><\/div>\n\t\t\t\t\t\t\t\t\t\t\t\t\t\t<\/a>\n\t\t\t\t\t<\/div>\n\t\t\t\t\t<\/div>\n\t\t\t\t<\/div>\n\t\t\t\t<\/div>\n\t\t\t\t\t<\/div>\n\t\t\t\t<\/div>\n\t\t<div class=\"elementor-element elementor-element-dca84e8 e-flex e-con-boxed e-con e-parent\" data-id=\"dca84e8\" data-element_type=\"container\" data-e-type=\"container\">\n\t\t\t\t\t<div class=\"e-con-inner\">\n\t\t<div class=\"elementor-element elementor-element-8330754 e-con-full e-flex e-con e-child\" data-id=\"8330754\" data-element_type=\"container\" data-e-type=\"container\" data-settings=\"{&quot;background_background&quot;:&quot;classic&quot;}\">\n\t\t\t\t<div class=\"elementor-element elementor-element-38921fa elementor-widget elementor-widget-theme-site-logo elementor-widget-image\" data-id=\"38921fa\" data-element_type=\"widget\" data-e-type=\"widget\" data-widget_type=\"theme-site-logo.default\">\n\t\t\t\t<div class=\"elementor-widget-container\">\n\t\t\t\t\t\t\t\t\t\t\t<a href=\"https:\/\/chebspanama.org\/inicio\">\n\t\t\t<img decoding=\"async\" width=\"400\" height=\"100\" src=\"https:\/\/chebspanama.org\/inicio\/wp-content\/uploads\/2025\/05\/logo.png\" class=\"attachment-full size-full wp-image-58\" alt=\"\" srcset=\"https:\/\/chebspanama.org\/inicio\/wp-content\/uploads\/2025\/05\/logo.png 400w, https:\/\/chebspanama.org\/inicio\/wp-content\/uploads\/2025\/05\/logo-300x75.png 300w\" sizes=\"(max-width: 400px) 100vw, 400px\" \/>\t\t\t\t<\/a>\n\t\t\t\t\t\t\t\t\t\t\t<\/div>\n\t\t\t\t<\/div>\n\t\t\t\t<\/div>\n\t\t<div class=\"elementor-element elementor-element-67c6b48 e-con-full e-flex e-con e-child\" data-id=\"67c6b48\" data-element_type=\"container\" data-e-type=\"container\" data-settings=\"{&quot;background_background&quot;:&quot;classic&quot;}\">\n\t\t\t\t<div class=\"elementor-element elementor-element-1b614e5 elementor-widget elementor-widget-text-editor\" data-id=\"1b614e5\" data-element_type=\"widget\" data-e-type=\"widget\" data-widget_type=\"text-editor.default\">\n\t\t\t\t<div class=\"elementor-widget-container\">\n\t\t\t\t\t\t\t\t\t<p>Juan D\u00edaz, calle 4ta, transversal tercera (Bajando por la iglesia El Carmen),\u00a0Panam\u00e1, Rep\u00fablica de Panam\u00e1<\/p><p>N\u00famero de Tel\u00e9fono: 220-5815<\/p><p>E-Mail:\u00a0chebs_@hotmail.com<\/p>\t\t\t\t\t\t\t\t<\/div>\n\t\t\t\t<\/div>\n\t\t\t\t<\/div>\n\t\t\t\t\t<\/div>\n\t\t\t\t<\/div>\n\t\t\t\t<\/div>\n\t\t","protected":false},"excerpt":{"rendered":"<p>Instalaciones \u00abEn este hogar todos volvemos a nacer.\u00bb CHEBS actualmente cuenta con una capacidad de atenci\u00f3n a 300 residentes de los cuales solamente tiene capacidad actual para 5 mujeres por lo que la mayor\u00eda reciben apoyo externo en bolsas de comida, medicamentos, orientaci\u00f3n en general y cursos de empoderamiento. En Relaci\u00f3n con los adolescentes, en [&hellip;]<\/p>\n","protected":false},"author":1,"featured_media":0,"parent":0,"menu_order":0,"comment_status":"closed","ping_status":"closed","template":"elementor_header_footer","meta":{"footnotes":""},"class_list":["post-441","page","type-page","status-publish","hentry","entry"],"yoast_head":"<!-- This site is optimized with the Yoast SEO plugin v27.2 - https:\/\/yoast.com\/product\/yoast-seo-wordpress\/ -->\n<title>Instalaciones -<\/title>\n<meta name=\"robots\" content=\"index, follow, max-snippet:-1, max-image-preview:large, max-video-preview:-1\" \/>\n<link rel=\"canonical\" href=\"https:\/\/chebspanama.org\/inicio\/instalaciones\/\" \/>\n<meta property=\"og:locale\" content=\"es_ES\" \/>\n<meta property=\"og:type\" content=\"article\" \/>\n<meta property=\"og:title\" content=\"Instalaciones -\" \/>\n<meta property=\"og:description\" content=\"Instalaciones \u00abEn este hogar todos volvemos a nacer.\u00bb CHEBS actualmente cuenta con una capacidad de atenci\u00f3n a 300 residentes de los cuales solamente tiene capacidad actual para 5 mujeres por lo que la mayor\u00eda reciben apoyo externo en bolsas de comida, medicamentos, orientaci\u00f3n en general y cursos de empoderamiento. En Relaci\u00f3n con los adolescentes, en [&hellip;]\" \/>\n<meta property=\"og:url\" content=\"https:\/\/chebspanama.org\/inicio\/instalaciones\/\" \/>\n<meta property=\"article:modified_time\" content=\"2025-05-14T14:29:33+00:00\" \/>\n<meta property=\"og:image\" content=\"https:\/\/chebspanama.org\/inicio\/wp-content\/uploads\/2025\/05\/casa-chebs-2.jpg\" \/>\n\t<meta property=\"og:image:width\" content=\"775\" \/>\n\t<meta property=\"og:image:height\" content=\"517\" \/>\n\t<meta property=\"og:image:type\" content=\"image\/jpeg\" \/>\n<meta name=\"twitter:card\" content=\"summary_large_image\" \/>\n<meta name=\"twitter:label1\" content=\"Tiempo de lectura\" \/>\n\t<meta name=\"twitter:data1\" content=\"1 minuto\" \/>\n<script type=\"application\/ld+json\" class=\"yoast-schema-graph\">{\"@context\":\"https:\/\/schema.org\",\"@graph\":[{\"@type\":\"WebPage\",\"@id\":\"https:\/\/chebspanama.org\/inicio\/instalaciones\/\",\"url\":\"https:\/\/chebspanama.org\/inicio\/instalaciones\/\",\"name\":\"Instalaciones -\",\"isPartOf\":{\"@id\":\"https:\/\/chebspanama.org\/inicio\/#website\"},\"primaryImageOfPage\":{\"@id\":\"https:\/\/chebspanama.org\/inicio\/instalaciones\/#primaryimage\"},\"image\":{\"@id\":\"https:\/\/chebspanama.org\/inicio\/instalaciones\/#primaryimage\"},\"thumbnailUrl\":\"https:\/\/chebspanama.org\/inicio\/wp-content\/uploads\/2025\/05\/casa-chebs-2.jpg\",\"datePublished\":\"2025-05-09T18:11:44+00:00\",\"dateModified\":\"2025-05-14T14:29:33+00:00\",\"breadcrumb\":{\"@id\":\"https:\/\/chebspanama.org\/inicio\/instalaciones\/#breadcrumb\"},\"inLanguage\":\"es\",\"potentialAction\":[{\"@type\":\"ReadAction\",\"target\":[\"https:\/\/chebspanama.org\/inicio\/instalaciones\/\"]}]},{\"@type\":\"ImageObject\",\"inLanguage\":\"es\",\"@id\":\"https:\/\/chebspanama.org\/inicio\/instalaciones\/#primaryimage\",\"url\":\"https:\/\/chebspanama.org\/inicio\/wp-content\/uploads\/2025\/05\/casa-chebs-2.jpg\",\"contentUrl\":\"https:\/\/chebspanama.org\/inicio\/wp-content\/uploads\/2025\/05\/casa-chebs-2.jpg\"},{\"@type\":\"BreadcrumbList\",\"@id\":\"https:\/\/chebspanama.org\/inicio\/instalaciones\/#breadcrumb\",\"itemListElement\":[{\"@type\":\"ListItem\",\"position\":1,\"name\":\"Portada\",\"item\":\"https:\/\/chebspanama.org\/inicio\/\"},{\"@type\":\"ListItem\",\"position\":2,\"name\":\"Instalaciones\"}]},{\"@type\":\"WebSite\",\"@id\":\"https:\/\/chebspanama.org\/inicio\/#website\",\"url\":\"https:\/\/chebspanama.org\/inicio\/\",\"name\":\"\",\"description\":\"\",\"potentialAction\":[{\"@type\":\"SearchAction\",\"target\":{\"@type\":\"EntryPoint\",\"urlTemplate\":\"https:\/\/chebspanama.org\/inicio\/?s={search_term_string}\"},\"query-input\":{\"@type\":\"PropertyValueSpecification\",\"valueRequired\":true,\"valueName\":\"search_term_string\"}}],\"inLanguage\":\"es\"}]}<\/script>\n<!-- \/ Yoast SEO plugin. -->","yoast_head_json":{"title":"Instalaciones -","robots":{"index":"index","follow":"follow","max-snippet":"max-snippet:-1","max-image-preview":"max-image-preview:large","max-video-preview":"max-video-preview:-1"},"canonical":"https:\/\/chebspanama.org\/inicio\/instalaciones\/","og_locale":"es_ES","og_type":"article","og_title":"Instalaciones -","og_description":"Instalaciones \u00abEn este hogar todos volvemos a nacer.\u00bb CHEBS actualmente cuenta con una capacidad de atenci\u00f3n a 300 residentes de los cuales solamente tiene capacidad actual para 5 mujeres por lo que la mayor\u00eda reciben apoyo externo en bolsas de comida, medicamentos, orientaci\u00f3n en general y cursos de empoderamiento. En Relaci\u00f3n con los adolescentes, en [&hellip;]","og_url":"https:\/\/chebspanama.org\/inicio\/instalaciones\/","article_modified_time":"2025-05-14T14:29:33+00:00","og_image":[{"width":775,"height":517,"url":"https:\/\/chebspanama.org\/inicio\/wp-content\/uploads\/2025\/05\/casa-chebs-2.jpg","type":"image\/jpeg"}],"twitter_card":"summary_large_image","twitter_misc":{"Tiempo de lectura":"1 minuto"},"schema":{"@context":"https:\/\/schema.org","@graph":[{"@type":"WebPage","@id":"https:\/\/chebspanama.org\/inicio\/instalaciones\/","url":"https:\/\/chebspanama.org\/inicio\/instalaciones\/","name":"Instalaciones -","isPartOf":{"@id":"https:\/\/chebspanama.org\/inicio\/#website"},"primaryImageOfPage":{"@id":"https:\/\/chebspanama.org\/inicio\/instalaciones\/#primaryimage"},"image":{"@id":"https:\/\/chebspanama.org\/inicio\/instalaciones\/#primaryimage"},"thumbnailUrl":"https:\/\/chebspanama.org\/inicio\/wp-content\/uploads\/2025\/05\/casa-chebs-2.jpg","datePublished":"2025-05-09T18:11:44+00:00","dateModified":"2025-05-14T14:29:33+00:00","breadcrumb":{"@id":"https:\/\/chebspanama.org\/inicio\/instalaciones\/#breadcrumb"},"inLanguage":"es","potentialAction":[{"@type":"ReadAction","target":["https:\/\/chebspanama.org\/inicio\/instalaciones\/"]}]},{"@type":"ImageObject","inLanguage":"es","@id":"https:\/\/chebspanama.org\/inicio\/instalaciones\/#primaryimage","url":"https:\/\/chebspanama.org\/inicio\/wp-content\/uploads\/2025\/05\/casa-chebs-2.jpg","contentUrl":"https:\/\/chebspanama.org\/inicio\/wp-content\/uploads\/2025\/05\/casa-chebs-2.jpg"},{"@type":"BreadcrumbList","@id":"https:\/\/chebspanama.org\/inicio\/instalaciones\/#breadcrumb","itemListElement":[{"@type":"ListItem","position":1,"name":"Portada","item":"https:\/\/chebspanama.org\/inicio\/"},{"@type":"ListItem","position":2,"name":"Instalaciones"}]},{"@type":"WebSite","@id":"https:\/\/chebspanama.org\/inicio\/#website","url":"https:\/\/chebspanama.org\/inicio\/","name":"","description":"","potentialAction":[{"@type":"SearchAction","target":{"@type":"EntryPoint","urlTemplate":"https:\/\/chebspanama.org\/inicio\/?s={search_term_string}"},"query-input":{"@type":"PropertyValueSpecification","valueRequired":true,"valueName":"search_term_string"}}],"inLanguage":"es"}]}},"_links":{"self":[{"href":"https:\/\/chebspanama.org\/inicio\/wp-json\/wp\/v2\/pages\/441","targetHints":{"allow":["GET"]}}],"collection":[{"href":"https:\/\/chebspanama.org\/inicio\/wp-json\/wp\/v2\/pages"}],"about":[{"href":"https:\/\/chebspanama.org\/inicio\/wp-json\/wp\/v2\/types\/page"}],"author":[{"embeddable":true,"href":"https:\/\/chebspanama.org\/inicio\/wp-json\/wp\/v2\/users\/1"}],"replies":[{"embeddable":true,"href":"https:\/\/chebspanama.org\/inicio\/wp-json\/wp\/v2\/comments?post=441"}],"version-history":[{"count":55,"href":"https:\/\/chebspanama.org\/inicio\/wp-json\/wp\/v2\/pages\/441\/revisions"}],"predecessor-version":[{"id":625,"href":"https:\/\/chebspanama.org\/inicio\/wp-json\/wp\/v2\/pages\/441\/revisions\/625"}],"wp:attachment":[{"href":"https:\/\/chebspanama.org\/inicio\/wp-json\/wp\/v2\/media?parent=441"}],"curies":[{"name":"wp","href":"https:\/\/api.w.org\/{rel}","templated":true}]}}