{"id":1019,"date":"2025-05-20T15:10:57","date_gmt":"2025-05-20T20:10:57","guid":{"rendered":"https:\/\/chebspanama.org\/inicio\/?page_id=1019"},"modified":"2025-05-20T15:38:09","modified_gmt":"2025-05-20T20:38:09","slug":"mision-vision","status":"publish","type":"page","link":"https:\/\/chebspanama.org\/inicio\/mision-vision\/","title":{"rendered":"Mision Visi\u00f3n"},"content":{"rendered":"\t\t<div data-elementor-type=\"wp-page\" data-elementor-id=\"1019\" class=\"elementor elementor-1019\" data-elementor-post-type=\"page\">\n\t\t\t\t<div class=\"elementor-element elementor-element-8b280ce e-flex e-con-boxed e-con e-parent\" data-id=\"8b280ce\" data-element_type=\"container\" data-e-type=\"container\">\n\t\t\t\t\t<div class=\"e-con-inner\">\n\t\t<div class=\"elementor-element elementor-element-7576e58 e-con-full e-flex e-con e-child\" data-id=\"7576e58\" data-element_type=\"container\" data-e-type=\"container\" data-settings=\"{&quot;background_background&quot;:&quot;classic&quot;}\">\n\t\t\t\t<div class=\"elementor-element elementor-element-0c8d5dd elementor-invisible elementor-widget elementor-widget-heading\" data-id=\"0c8d5dd\" data-element_type=\"widget\" data-e-type=\"widget\" data-settings=\"{&quot;_animation&quot;:&quot;fadeIn&quot;}\" data-widget_type=\"heading.default\">\n\t\t\t\t<div class=\"elementor-widget-container\">\n\t\t\t\t\t<h2 class=\"elementor-heading-title elementor-size-default\">Visi\u00f3n \/ Misi\u00f3n \/ Valores<\/h2>\t\t\t\t<\/div>\n\t\t\t\t<\/div>\n\t\t\t\t<\/div>\n\t\t\t\t\t<\/div>\n\t\t\t\t<\/div>\n\t\t<div class=\"elementor-element elementor-element-e2a5ea4 e-flex e-con-boxed e-con e-parent\" data-id=\"e2a5ea4\" data-element_type=\"container\" data-e-type=\"container\">\n\t\t\t\t\t<div class=\"e-con-inner\">\n\t\t<div class=\"elementor-element elementor-element-a695115 e-con-full e-flex e-con e-child\" data-id=\"a695115\" data-element_type=\"container\" data-e-type=\"container\" data-settings=\"{&quot;background_background&quot;:&quot;classic&quot;}\">\n\t\t\t\t<div class=\"elementor-element elementor-element-f8d432f elementor-invisible elementor-widget elementor-widget-heading\" data-id=\"f8d432f\" data-element_type=\"widget\" data-e-type=\"widget\" data-settings=\"{&quot;_animation&quot;:&quot;fadeIn&quot;}\" data-widget_type=\"heading.default\">\n\t\t\t\t<div class=\"elementor-widget-container\">\n\t\t\t\t\t<h3 class=\"elementor-heading-title elementor-size-default\">Visi\u00f3n<\/h3>\t\t\t\t<\/div>\n\t\t\t\t<\/div>\n\t\t\t\t<\/div>\n\t\t<div class=\"elementor-element elementor-element-7d3cf8a e-con-full e-flex e-con e-child\" data-id=\"7d3cf8a\" data-element_type=\"container\" data-e-type=\"container\" data-settings=\"{&quot;background_background&quot;:&quot;classic&quot;}\">\n\t\t\t\t<div class=\"elementor-element elementor-element-52feda4 elementor-invisible elementor-widget elementor-widget-text-editor\" data-id=\"52feda4\" data-element_type=\"widget\" data-e-type=\"widget\" data-settings=\"{&quot;_animation&quot;:&quot;fadeInUp&quot;}\" data-widget_type=\"text-editor.default\">\n\t\t\t\t<div class=\"elementor-widget-container\">\n\t\t\t\t\t\t\t\t\t<p>\u201cIntegrar a las personas con VIH\/SIDA a la sociedad panamen\u0303a y contribuir en la construccio\u0301n de una sociedad a la luz del evangelio, libres de discriminacio\u0301n, prejuicios, estigmatizacio\u0301n por situacio\u0301n de salud.\u201d<\/p>\t\t\t\t\t\t\t\t<\/div>\n\t\t\t\t<\/div>\n\t\t\t\t<\/div>\n\t\t\t\t\t<\/div>\n\t\t\t\t<\/div>\n\t\t<div class=\"elementor-element elementor-element-e6bb84b e-flex e-con-boxed e-con e-parent\" data-id=\"e6bb84b\" data-element_type=\"container\" data-e-type=\"container\">\n\t\t\t\t\t<div class=\"e-con-inner\">\n\t\t<div class=\"elementor-element elementor-element-c86f317 e-con-full e-flex e-con e-child\" data-id=\"c86f317\" data-element_type=\"container\" data-e-type=\"container\" data-settings=\"{&quot;background_background&quot;:&quot;classic&quot;}\">\n\t\t\t\t<div class=\"elementor-element elementor-element-d00baff elementor-invisible elementor-widget elementor-widget-heading\" data-id=\"d00baff\" data-element_type=\"widget\" data-e-type=\"widget\" data-settings=\"{&quot;_animation&quot;:&quot;fadeIn&quot;}\" data-widget_type=\"heading.default\">\n\t\t\t\t<div class=\"elementor-widget-container\">\n\t\t\t\t\t<h3 class=\"elementor-heading-title elementor-size-default\">Misi\u00f3n<\/h3>\t\t\t\t<\/div>\n\t\t\t\t<\/div>\n\t\t\t\t<\/div>\n\t\t<div class=\"elementor-element elementor-element-333bfe5 e-con-full e-flex e-con e-child\" data-id=\"333bfe5\" data-element_type=\"container\" data-e-type=\"container\" data-settings=\"{&quot;background_background&quot;:&quot;classic&quot;}\">\n\t\t\t\t<div class=\"elementor-element elementor-element-3de2f1b elementor-invisible elementor-widget elementor-widget-text-editor\" data-id=\"3de2f1b\" data-element_type=\"widget\" data-e-type=\"widget\" data-settings=\"{&quot;_animation&quot;:&quot;fadeInUp&quot;}\" data-widget_type=\"text-editor.default\">\n\t\t\t\t<div class=\"elementor-widget-container\">\n\t\t\t\t\t\t\t\t\t<p>\u201cLa Casa Hogar El Buen Samaritano, inspirada en los principios del evangelio y en el mensaje liberador de Jesu\u0301s, ofrece un lugar ecume\u0301nico con sentido humano a las Personas con VIH\/SIDA, donde reciben atencio\u0301n integral: en el a\u0301mbito fi\u0301sico, psicolo\u0301gico, social y espiritual que ayude a su recuperacio\u0301n y reinsercio\u0301n a la sociedad.\u201d<\/p>\t\t\t\t\t\t\t\t<\/div>\n\t\t\t\t<\/div>\n\t\t\t\t<\/div>\n\t\t\t\t\t<\/div>\n\t\t\t\t<\/div>\n\t\t<div class=\"elementor-element elementor-element-c204a83 e-flex e-con-boxed e-con e-parent\" data-id=\"c204a83\" data-element_type=\"container\" data-e-type=\"container\">\n\t\t\t\t\t<div class=\"e-con-inner\">\n\t\t<div class=\"elementor-element elementor-element-8081134 e-con-full e-flex e-con e-child\" data-id=\"8081134\" data-element_type=\"container\" data-e-type=\"container\" data-settings=\"{&quot;background_background&quot;:&quot;classic&quot;}\">\n\t\t\t\t<div class=\"elementor-element elementor-element-fbfbe37 elementor-invisible elementor-widget elementor-widget-heading\" data-id=\"fbfbe37\" data-element_type=\"widget\" data-e-type=\"widget\" data-settings=\"{&quot;_animation&quot;:&quot;fadeIn&quot;}\" data-widget_type=\"heading.default\">\n\t\t\t\t<div class=\"elementor-widget-container\">\n\t\t\t\t\t<h3 class=\"elementor-heading-title elementor-size-default\">Valores<\/h3>\t\t\t\t<\/div>\n\t\t\t\t<\/div>\n\t\t\t\t<\/div>\n\t\t<div class=\"elementor-element elementor-element-642dc63 e-con-full e-flex e-con e-child\" data-id=\"642dc63\" data-element_type=\"container\" data-e-type=\"container\" data-settings=\"{&quot;background_background&quot;:&quot;classic&quot;}\">\n\t\t\t\t<div class=\"elementor-element elementor-element-1b73cf0 elementor-invisible elementor-widget elementor-widget-text-editor\" data-id=\"1b73cf0\" data-element_type=\"widget\" data-e-type=\"widget\" data-settings=\"{&quot;_animation&quot;:&quot;fadeInUp&quot;}\" data-widget_type=\"text-editor.default\">\n\t\t\t\t<div class=\"elementor-widget-container\">\n\t\t\t\t\t\t\t\t\t<p><strong>Solidaridad<\/strong><br \/>Se deja interpelar por el deseo de la construccio\u0301n de un mundo justo, realizando un apostolado y manteniendo viva la preferencia por las personas con VIH\/SIDA para hacer viva la palabra del evangelio.<\/p><p><strong>Inter\u00e9s<\/strong><br \/>Vivir con mentalidad abierta a los problemas que hoy tienen las personas con VIH\/SIDA y aporta alternativas de solucio\u0301n para mejorar sus condiciones de vida.<\/p><p><strong>Compromiso<\/strong><br \/>Se empen\u0303a en transformar la sociedad segu\u0301n los valores de Jesu\u0301s, sin estigma ni discriminacio\u0301n con las personas con VIH\/SIDA.<\/p>\t\t\t\t\t\t\t\t<\/div>\n\t\t\t\t<\/div>\n\t\t\t\t<\/div>\n\t\t\t\t\t<\/div>\n\t\t\t\t<\/div>\n\t\t<div class=\"elementor-element elementor-element-742bfdd e-flex e-con-boxed e-con e-parent\" data-id=\"742bfdd\" data-element_type=\"container\" data-e-type=\"container\">\n\t\t\t\t\t<div class=\"e-con-inner\">\n\t\t<div class=\"elementor-element elementor-element-f92322f e-con-full e-flex e-con e-child\" data-id=\"f92322f\" data-element_type=\"container\" data-e-type=\"container\" data-settings=\"{&quot;background_background&quot;:&quot;classic&quot;}\">\n\t\t\t\t<\/div>\n\t\t<div class=\"elementor-element elementor-element-6d5ae7c e-con-full e-flex e-con e-child\" data-id=\"6d5ae7c\" data-element_type=\"container\" data-e-type=\"container\" data-settings=\"{&quot;background_background&quot;:&quot;classic&quot;}\">\n\t\t\t\t<div class=\"elementor-element elementor-element-bb9ce18 elementor-invisible elementor-widget elementor-widget-image\" data-id=\"bb9ce18\" data-element_type=\"widget\" data-e-type=\"widget\" data-settings=\"{&quot;_animation&quot;:&quot;fadeInLeft&quot;}\" data-widget_type=\"image.default\">\n\t\t\t\t<div class=\"elementor-widget-container\">\n\t\t\t\t\t\t\t\t\t\t\t\t\t\t\t<img fetchpriority=\"high\" decoding=\"async\" width=\"650\" height=\"650\" src=\"https:\/\/chebspanama.org\/inicio\/wp-content\/uploads\/2025\/05\/cropped-cropped-chebs-panama-1.jpg\" class=\"attachment-large size-large wp-image-995\" alt=\"\" srcset=\"https:\/\/chebspanama.org\/inicio\/wp-content\/uploads\/2025\/05\/cropped-cropped-chebs-panama-1.jpg 650w, https:\/\/chebspanama.org\/inicio\/wp-content\/uploads\/2025\/05\/cropped-cropped-chebs-panama-1-300x300.jpg 300w, https:\/\/chebspanama.org\/inicio\/wp-content\/uploads\/2025\/05\/cropped-cropped-chebs-panama-1-150x150.jpg 150w, https:\/\/chebspanama.org\/inicio\/wp-content\/uploads\/2025\/05\/cropped-cropped-chebs-panama-1-600x600.jpg 600w\" sizes=\"(max-width: 650px) 100vw, 650px\" \/>\t\t\t\t\t\t\t\t\t\t\t\t\t\t\t<\/div>\n\t\t\t\t<\/div>\n\t\t\t\t<\/div>\n\t\t<div class=\"elementor-element elementor-element-fdae6ed e-con-full e-flex e-con e-child\" data-id=\"fdae6ed\" data-element_type=\"container\" data-e-type=\"container\" data-settings=\"{&quot;background_background&quot;:&quot;classic&quot;}\">\n\t\t\t\t<\/div>\n\t\t\t\t\t<\/div>\n\t\t\t\t<\/div>\n\t\t<div class=\"elementor-element elementor-element-dca84e8 e-flex e-con-boxed e-con e-parent\" data-id=\"dca84e8\" data-element_type=\"container\" data-e-type=\"container\">\n\t\t\t\t\t<div class=\"e-con-inner\">\n\t\t<div class=\"elementor-element elementor-element-8330754 e-con-full e-flex e-con e-child\" data-id=\"8330754\" data-element_type=\"container\" data-e-type=\"container\" data-settings=\"{&quot;background_background&quot;:&quot;classic&quot;}\">\n\t\t\t\t<div class=\"elementor-element elementor-element-38921fa elementor-widget elementor-widget-theme-site-logo elementor-widget-image\" data-id=\"38921fa\" data-element_type=\"widget\" data-e-type=\"widget\" data-widget_type=\"theme-site-logo.default\">\n\t\t\t\t<div class=\"elementor-widget-container\">\n\t\t\t\t\t\t\t\t\t\t\t<a href=\"https:\/\/chebspanama.org\/inicio\">\n\t\t\t<img decoding=\"async\" width=\"400\" height=\"100\" src=\"https:\/\/chebspanama.org\/inicio\/wp-content\/uploads\/2025\/05\/logo.png\" class=\"attachment-full size-full wp-image-58\" alt=\"\" srcset=\"https:\/\/chebspanama.org\/inicio\/wp-content\/uploads\/2025\/05\/logo.png 400w, https:\/\/chebspanama.org\/inicio\/wp-content\/uploads\/2025\/05\/logo-300x75.png 300w\" sizes=\"(max-width: 400px) 100vw, 400px\" \/>\t\t\t\t<\/a>\n\t\t\t\t\t\t\t\t\t\t\t<\/div>\n\t\t\t\t<\/div>\n\t\t\t\t<\/div>\n\t\t<div class=\"elementor-element elementor-element-67c6b48 e-con-full e-flex e-con e-child\" data-id=\"67c6b48\" data-element_type=\"container\" data-e-type=\"container\" data-settings=\"{&quot;background_background&quot;:&quot;classic&quot;}\">\n\t\t\t\t<div class=\"elementor-element elementor-element-1b614e5 elementor-widget elementor-widget-text-editor\" data-id=\"1b614e5\" data-element_type=\"widget\" data-e-type=\"widget\" data-widget_type=\"text-editor.default\">\n\t\t\t\t<div class=\"elementor-widget-container\">\n\t\t\t\t\t\t\t\t\t<p>Juan D\u00edaz, calle 4ta, transversal tercera (Bajando por la iglesia El Carmen),\u00a0Panam\u00e1, Rep\u00fablica de Panam\u00e1<\/p><p>N\u00famero de Tel\u00e9fono: 220-5815<\/p><p>E-Mail:\u00a0chebs_@hotmail.com<\/p>\t\t\t\t\t\t\t\t<\/div>\n\t\t\t\t<\/div>\n\t\t\t\t<\/div>\n\t\t\t\t\t<\/div>\n\t\t\t\t<\/div>\n\t\t\t\t<\/div>\n\t\t","protected":false},"excerpt":{"rendered":"<p>Visi\u00f3n \/ Misi\u00f3n \/ Valores Visi\u00f3n \u201cIntegrar a las personas con VIH\/SIDA a la sociedad panamen\u0303a y contribuir en la construccio\u0301n de una sociedad a la luz del evangelio, libres de discriminacio\u0301n, prejuicios, estigmatizacio\u0301n por situacio\u0301n de salud.\u201d Misi\u00f3n \u201cLa Casa Hogar El Buen Samaritano, inspirada en los principios del evangelio y en el mensaje [&hellip;]<\/p>\n","protected":false},"author":1,"featured_media":0,"parent":0,"menu_order":0,"comment_status":"closed","ping_status":"closed","template":"elementor_header_footer","meta":{"footnotes":""},"class_list":["post-1019","page","type-page","status-publish","hentry","entry"],"yoast_head":"<!-- This site is optimized with the Yoast SEO plugin v27.2 - https:\/\/yoast.com\/product\/yoast-seo-wordpress\/ -->\n<title>Mision Visi\u00f3n -<\/title>\n<meta name=\"robots\" content=\"index, follow, max-snippet:-1, max-image-preview:large, max-video-preview:-1\" \/>\n<link rel=\"canonical\" href=\"https:\/\/chebspanama.org\/inicio\/mision-vision\/\" \/>\n<meta property=\"og:locale\" content=\"es_ES\" \/>\n<meta property=\"og:type\" content=\"article\" \/>\n<meta property=\"og:title\" content=\"Mision Visi\u00f3n -\" \/>\n<meta property=\"og:description\" content=\"Visi\u00f3n \/ Misi\u00f3n \/ Valores Visi\u00f3n \u201cIntegrar a las personas con VIH\/SIDA a la sociedad panamen\u0303a y contribuir en la construccio\u0301n de una sociedad a la luz del evangelio, libres de discriminacio\u0301n, prejuicios, estigmatizacio\u0301n por situacio\u0301n de salud.\u201d Misi\u00f3n \u201cLa Casa Hogar El Buen Samaritano, inspirada en los principios del evangelio y en el mensaje [&hellip;]\" \/>\n<meta property=\"og:url\" content=\"https:\/\/chebspanama.org\/inicio\/mision-vision\/\" \/>\n<meta property=\"article:modified_time\" content=\"2025-05-20T20:38:09+00:00\" \/>\n<meta property=\"og:image\" content=\"https:\/\/chebspanama.org\/inicio\/wp-content\/uploads\/2025\/05\/cropped-cropped-chebs-panama-1.jpg\" \/>\n\t<meta property=\"og:image:width\" content=\"650\" \/>\n\t<meta property=\"og:image:height\" content=\"650\" \/>\n\t<meta property=\"og:image:type\" content=\"image\/jpeg\" \/>\n<meta name=\"twitter:card\" content=\"summary_large_image\" \/>\n<meta name=\"twitter:label1\" content=\"Tiempo de lectura\" \/>\n\t<meta name=\"twitter:data1\" content=\"1 minuto\" \/>\n<script type=\"application\/ld+json\" class=\"yoast-schema-graph\">{\"@context\":\"https:\/\/schema.org\",\"@graph\":[{\"@type\":\"WebPage\",\"@id\":\"https:\/\/chebspanama.org\/inicio\/mision-vision\/\",\"url\":\"https:\/\/chebspanama.org\/inicio\/mision-vision\/\",\"name\":\"Mision Visi\u00f3n -\",\"isPartOf\":{\"@id\":\"https:\/\/chebspanama.org\/inicio\/#website\"},\"primaryImageOfPage\":{\"@id\":\"https:\/\/chebspanama.org\/inicio\/mision-vision\/#primaryimage\"},\"image\":{\"@id\":\"https:\/\/chebspanama.org\/inicio\/mision-vision\/#primaryimage\"},\"thumbnailUrl\":\"https:\/\/chebspanama.org\/inicio\/wp-content\/uploads\/2025\/05\/cropped-cropped-chebs-panama-1.jpg\",\"datePublished\":\"2025-05-20T20:10:57+00:00\",\"dateModified\":\"2025-05-20T20:38:09+00:00\",\"breadcrumb\":{\"@id\":\"https:\/\/chebspanama.org\/inicio\/mision-vision\/#breadcrumb\"},\"inLanguage\":\"es\",\"potentialAction\":[{\"@type\":\"ReadAction\",\"target\":[\"https:\/\/chebspanama.org\/inicio\/mision-vision\/\"]}]},{\"@type\":\"ImageObject\",\"inLanguage\":\"es\",\"@id\":\"https:\/\/chebspanama.org\/inicio\/mision-vision\/#primaryimage\",\"url\":\"https:\/\/chebspanama.org\/inicio\/wp-content\/uploads\/2025\/05\/cropped-cropped-chebs-panama-1.jpg\",\"contentUrl\":\"https:\/\/chebspanama.org\/inicio\/wp-content\/uploads\/2025\/05\/cropped-cropped-chebs-panama-1.jpg\",\"width\":650,\"height\":650},{\"@type\":\"BreadcrumbList\",\"@id\":\"https:\/\/chebspanama.org\/inicio\/mision-vision\/#breadcrumb\",\"itemListElement\":[{\"@type\":\"ListItem\",\"position\":1,\"name\":\"Portada\",\"item\":\"https:\/\/chebspanama.org\/inicio\/\"},{\"@type\":\"ListItem\",\"position\":2,\"name\":\"Mision Visi\u00f3n\"}]},{\"@type\":\"WebSite\",\"@id\":\"https:\/\/chebspanama.org\/inicio\/#website\",\"url\":\"https:\/\/chebspanama.org\/inicio\/\",\"name\":\"\",\"description\":\"\",\"potentialAction\":[{\"@type\":\"SearchAction\",\"target\":{\"@type\":\"EntryPoint\",\"urlTemplate\":\"https:\/\/chebspanama.org\/inicio\/?s={search_term_string}\"},\"query-input\":{\"@type\":\"PropertyValueSpecification\",\"valueRequired\":true,\"valueName\":\"search_term_string\"}}],\"inLanguage\":\"es\"}]}<\/script>\n<!-- \/ Yoast SEO plugin. -->","yoast_head_json":{"title":"Mision Visi\u00f3n -","robots":{"index":"index","follow":"follow","max-snippet":"max-snippet:-1","max-image-preview":"max-image-preview:large","max-video-preview":"max-video-preview:-1"},"canonical":"https:\/\/chebspanama.org\/inicio\/mision-vision\/","og_locale":"es_ES","og_type":"article","og_title":"Mision Visi\u00f3n -","og_description":"Visi\u00f3n \/ Misi\u00f3n \/ Valores Visi\u00f3n \u201cIntegrar a las personas con VIH\/SIDA a la sociedad panamen\u0303a y contribuir en la construccio\u0301n de una sociedad a la luz del evangelio, libres de discriminacio\u0301n, prejuicios, estigmatizacio\u0301n por situacio\u0301n de salud.\u201d Misi\u00f3n \u201cLa Casa Hogar El Buen Samaritano, inspirada en los principios del evangelio y en el mensaje [&hellip;]","og_url":"https:\/\/chebspanama.org\/inicio\/mision-vision\/","article_modified_time":"2025-05-20T20:38:09+00:00","og_image":[{"width":650,"height":650,"url":"https:\/\/chebspanama.org\/inicio\/wp-content\/uploads\/2025\/05\/cropped-cropped-chebs-panama-1.jpg","type":"image\/jpeg"}],"twitter_card":"summary_large_image","twitter_misc":{"Tiempo de lectura":"1 minuto"},"schema":{"@context":"https:\/\/schema.org","@graph":[{"@type":"WebPage","@id":"https:\/\/chebspanama.org\/inicio\/mision-vision\/","url":"https:\/\/chebspanama.org\/inicio\/mision-vision\/","name":"Mision Visi\u00f3n -","isPartOf":{"@id":"https:\/\/chebspanama.org\/inicio\/#website"},"primaryImageOfPage":{"@id":"https:\/\/chebspanama.org\/inicio\/mision-vision\/#primaryimage"},"image":{"@id":"https:\/\/chebspanama.org\/inicio\/mision-vision\/#primaryimage"},"thumbnailUrl":"https:\/\/chebspanama.org\/inicio\/wp-content\/uploads\/2025\/05\/cropped-cropped-chebs-panama-1.jpg","datePublished":"2025-05-20T20:10:57+00:00","dateModified":"2025-05-20T20:38:09+00:00","breadcrumb":{"@id":"https:\/\/chebspanama.org\/inicio\/mision-vision\/#breadcrumb"},"inLanguage":"es","potentialAction":[{"@type":"ReadAction","target":["https:\/\/chebspanama.org\/inicio\/mision-vision\/"]}]},{"@type":"ImageObject","inLanguage":"es","@id":"https:\/\/chebspanama.org\/inicio\/mision-vision\/#primaryimage","url":"https:\/\/chebspanama.org\/inicio\/wp-content\/uploads\/2025\/05\/cropped-cropped-chebs-panama-1.jpg","contentUrl":"https:\/\/chebspanama.org\/inicio\/wp-content\/uploads\/2025\/05\/cropped-cropped-chebs-panama-1.jpg","width":650,"height":650},{"@type":"BreadcrumbList","@id":"https:\/\/chebspanama.org\/inicio\/mision-vision\/#breadcrumb","itemListElement":[{"@type":"ListItem","position":1,"name":"Portada","item":"https:\/\/chebspanama.org\/inicio\/"},{"@type":"ListItem","position":2,"name":"Mision Visi\u00f3n"}]},{"@type":"WebSite","@id":"https:\/\/chebspanama.org\/inicio\/#website","url":"https:\/\/chebspanama.org\/inicio\/","name":"","description":"","potentialAction":[{"@type":"SearchAction","target":{"@type":"EntryPoint","urlTemplate":"https:\/\/chebspanama.org\/inicio\/?s={search_term_string}"},"query-input":{"@type":"PropertyValueSpecification","valueRequired":true,"valueName":"search_term_string"}}],"inLanguage":"es"}]}},"_links":{"self":[{"href":"https:\/\/chebspanama.org\/inicio\/wp-json\/wp\/v2\/pages\/1019","targetHints":{"allow":["GET"]}}],"collection":[{"href":"https:\/\/chebspanama.org\/inicio\/wp-json\/wp\/v2\/pages"}],"about":[{"href":"https:\/\/chebspanama.org\/inicio\/wp-json\/wp\/v2\/types\/page"}],"author":[{"embeddable":true,"href":"https:\/\/chebspanama.org\/inicio\/wp-json\/wp\/v2\/users\/1"}],"replies":[{"embeddable":true,"href":"https:\/\/chebspanama.org\/inicio\/wp-json\/wp\/v2\/comments?post=1019"}],"version-history":[{"count":34,"href":"https:\/\/chebspanama.org\/inicio\/wp-json\/wp\/v2\/pages\/1019\/revisions"}],"predecessor-version":[{"id":1054,"href":"https:\/\/chebspanama.org\/inicio\/wp-json\/wp\/v2\/pages\/1019\/revisions\/1054"}],"wp:attachment":[{"href":"https:\/\/chebspanama.org\/inicio\/wp-json\/wp\/v2\/media?parent=1019"}],"curies":[{"name":"wp","href":"https:\/\/api.w.org\/{rel}","templated":true}]}}